{"id":6056,"date":"2021-03-24T19:09:10","date_gmt":"2021-03-24T18:09:10","guid":{"rendered":"http:\/\/cofab-in-bondy.fr\/?page_id=6056"},"modified":"2021-03-24T19:15:43","modified_gmt":"2021-03-24T18:15:43","slug":"audiovisuel","status":"publish","type":"page","link":"https:\/\/cofab-in-bondy.fr\/?page_id=6056","title":{"rendered":"Mat\u00e9riel audiovisuel"},"content":{"rendered":"\n<p>Dans la salle \u00ab\u00a0Alhazen\u00a0\u00bb (salle de formation) se trouvent plusieurs \u00e9quipements d&rsquo;audiovisuel. Vous pourrez y trouver :<\/p>\n\n\n\n<ul><li>5 postes d&rsquo;ordinateurs fixes connect\u00e9s au r\u00e9seau internet<\/li><\/ul>\n\n\n\n<ul><li>1 cam\u00e9ra<\/li><\/ul>\n\n\n\n<ul><li>1 vid\u00e9oprojecteur, utile pour les formations<\/li><\/ul>\n\n\n\n<figure class=\"wp-block-image size-large\"><img loading=\"lazy\" width=\"1024\" height=\"768\" src=\"http:\/\/cofab-in-bondy.fr\/wp-content\/uploads\/2021\/02\/IMG_20210217_093520-1024x768.jpg\" alt=\"\" class=\"wp-image-5405\" srcset=\"https:\/\/cofab-in-bondy.fr\/wp-content\/uploads\/2021\/02\/IMG_20210217_093520-1024x768.jpg 1024w, https:\/\/cofab-in-bondy.fr\/wp-content\/uploads\/2021\/02\/IMG_20210217_093520-300x225.jpg 300w, https:\/\/cofab-in-bondy.fr\/wp-content\/uploads\/2021\/02\/IMG_20210217_093520-768x576.jpg 768w, https:\/\/cofab-in-bondy.fr\/wp-content\/uploads\/2021\/02\/IMG_20210217_093520-1536x1152.jpg 1536w, https:\/\/cofab-in-bondy.fr\/wp-content\/uploads\/2021\/02\/IMG_20210217_093520-2048x1536.jpg 2048w, https:\/\/cofab-in-bondy.fr\/wp-content\/uploads\/2021\/02\/IMG_20210217_093520-400x300.jpg 400w\" sizes=\"(max-width: 1024px) 100vw, 1024px\" \/><figcaption>Salle Alhazen<\/figcaption><\/figure>\n\n\n\n<p>Vous pourrez trouver un autre vid\u00e9oprojecteur est pr\u00e9sent dans la salle \u00ab\u00a0Figures de l&rsquo;ombre\u00a0\u00bb (salle de coworking), il y sert pour l&rsquo;exposition de projets.<\/p>\n\n\n\n<p><\/p>\n","protected":false},"excerpt":{"rendered":"<p>Dans la salle \u00ab\u00a0Alhazen\u00a0\u00bb (salle de formation) se trouvent plusieurs \u00e9quipements d&rsquo;audiovisuel. Vous pourrez y trouver : 5 postes d&rsquo;ordinateurs fixes connect\u00e9s au r\u00e9seau internet 1 cam\u00e9ra 1 vid\u00e9oprojecteur, utile [&hellip;]<\/p>\n","protected":false},"author":2,"featured_media":0,"parent":0,"menu_order":0,"comment_status":"closed","ping_status":"closed","template":"","meta":[],"yoast_head":"<!-- This site is optimized with the Yoast SEO plugin v16.0.2 - https:\/\/yoast.com\/wordpress\/plugins\/seo\/ -->\n<title>Mat\u00e9riel audiovisuel - Co-Fab in Bondy<\/title>\n<meta name=\"robots\" content=\"index, follow, max-snippet:-1, max-image-preview:large, max-video-preview:-1\" \/>\n<link rel=\"canonical\" href=\"https:\/\/cofab-in-bondy.fr\/?page_id=6056\" \/>\n<meta property=\"og:locale\" content=\"fr_FR\" \/>\n<meta property=\"og:type\" content=\"article\" \/>\n<meta property=\"og:title\" content=\"Mat\u00e9riel audiovisuel - Co-Fab in Bondy\" \/>\n<meta property=\"og:description\" content=\"Dans la salle \u00ab\u00a0Alhazen\u00a0\u00bb (salle de formation) se trouvent plusieurs \u00e9quipements d&rsquo;audiovisuel. Vous pourrez y trouver : 5 postes d&rsquo;ordinateurs fixes connect\u00e9s au r\u00e9seau internet 1 cam\u00e9ra 1 vid\u00e9oprojecteur, utile [&hellip;]\" \/>\n<meta property=\"og:url\" content=\"https:\/\/cofab-in-bondy.fr\/?page_id=6056\" \/>\n<meta property=\"og:site_name\" content=\"Co-Fab in Bondy\" \/>\n<meta property=\"article:modified_time\" content=\"2021-03-24T18:15:43+00:00\" \/>\n<meta property=\"og:image\" content=\"http:\/\/cofab-in-bondy.fr\/wp-content\/uploads\/2021\/02\/IMG_20210217_093520-1024x768.jpg\" \/>\n<meta name=\"twitter:card\" content=\"summary_large_image\" \/>\n<meta name=\"twitter:label1\" content=\"Dur\u00e9e de lecture est.\">\n\t<meta name=\"twitter:data1\" content=\"1 minute\">\n<script type=\"application\/ld+json\" class=\"yoast-schema-graph\">{\"@context\":\"https:\/\/schema.org\",\"@graph\":[{\"@type\":\"Organization\",\"@id\":\"https:\/\/cofab-in-bondy.fr\/#organization\",\"name\":\"cofab-in-bondy\",\"url\":\"https:\/\/cofab-in-bondy.fr\/\",\"sameAs\":[],\"logo\":{\"@type\":\"ImageObject\",\"@id\":\"https:\/\/cofab-in-bondy.fr\/#logo\",\"inLanguage\":\"fr-FR\",\"url\":\"https:\/\/cofab-in-bondy.fr\/wp-content\/uploads\/2021\/01\/co-Fab_short.png\",\"width\":90,\"height\":43,\"caption\":\"cofab-in-bondy\"},\"image\":{\"@id\":\"https:\/\/cofab-in-bondy.fr\/#logo\"}},{\"@type\":\"WebSite\",\"@id\":\"https:\/\/cofab-in-bondy.fr\/#website\",\"url\":\"https:\/\/cofab-in-bondy.fr\/\",\"name\":\"CoFab-in-Bondy\",\"description\":\"Le fablab made in Bondy !\",\"publisher\":{\"@id\":\"https:\/\/cofab-in-bondy.fr\/#organization\"},\"potentialAction\":[{\"@type\":\"SearchAction\",\"target\":\"https:\/\/cofab-in-bondy.fr\/?s={search_term_string}\",\"query-input\":\"required name=search_term_string\"}],\"inLanguage\":\"fr-FR\"},{\"@type\":\"ImageObject\",\"@id\":\"https:\/\/cofab-in-bondy.fr\/?page_id=6056#primaryimage\",\"inLanguage\":\"fr-FR\",\"url\":\"http:\/\/cofab-in-bondy.fr\/wp-content\/uploads\/2021\/02\/IMG_20210217_093520-1024x768.jpg\"},{\"@type\":\"WebPage\",\"@id\":\"https:\/\/cofab-in-bondy.fr\/?page_id=6056#webpage\",\"url\":\"https:\/\/cofab-in-bondy.fr\/?page_id=6056\",\"name\":\"Mat\\u00e9riel audiovisuel - Co-Fab in Bondy\",\"isPartOf\":{\"@id\":\"https:\/\/cofab-in-bondy.fr\/#website\"},\"primaryImageOfPage\":{\"@id\":\"https:\/\/cofab-in-bondy.fr\/?page_id=6056#primaryimage\"},\"datePublished\":\"2021-03-24T18:09:10+00:00\",\"dateModified\":\"2021-03-24T18:15:43+00:00\",\"breadcrumb\":{\"@id\":\"https:\/\/cofab-in-bondy.fr\/?page_id=6056#breadcrumb\"},\"inLanguage\":\"fr-FR\",\"potentialAction\":[{\"@type\":\"ReadAction\",\"target\":[\"https:\/\/cofab-in-bondy.fr\/?page_id=6056\"]}]},{\"@type\":\"BreadcrumbList\",\"@id\":\"https:\/\/cofab-in-bondy.fr\/?page_id=6056#breadcrumb\",\"itemListElement\":[{\"@type\":\"ListItem\",\"position\":1,\"item\":{\"@type\":\"WebPage\",\"@id\":\"https:\/\/cofab-in-bondy.fr\/\",\"url\":\"https:\/\/cofab-in-bondy.fr\/\",\"name\":\"Accueil\"}},{\"@type\":\"ListItem\",\"position\":2,\"item\":{\"@type\":\"WebPage\",\"@id\":\"https:\/\/cofab-in-bondy.fr\/?page_id=6056\",\"url\":\"https:\/\/cofab-in-bondy.fr\/?page_id=6056\",\"name\":\"Mat\\u00e9riel audiovisuel\"}}]}]}<\/script>\n<!-- \/ Yoast SEO plugin. -->","_links":{"self":[{"href":"https:\/\/cofab-in-bondy.fr\/index.php?rest_route=\/wp\/v2\/pages\/6056"}],"collection":[{"href":"https:\/\/cofab-in-bondy.fr\/index.php?rest_route=\/wp\/v2\/pages"}],"about":[{"href":"https:\/\/cofab-in-bondy.fr\/index.php?rest_route=\/wp\/v2\/types\/page"}],"author":[{"embeddable":true,"href":"https:\/\/cofab-in-bondy.fr\/index.php?rest_route=\/wp\/v2\/users\/2"}],"replies":[{"embeddable":true,"href":"https:\/\/cofab-in-bondy.fr\/index.php?rest_route=%2Fwp%2Fv2%2Fcomments&post=6056"}],"version-history":[{"count":2,"href":"https:\/\/cofab-in-bondy.fr\/index.php?rest_route=\/wp\/v2\/pages\/6056\/revisions"}],"predecessor-version":[{"id":6059,"href":"https:\/\/cofab-in-bondy.fr\/index.php?rest_route=\/wp\/v2\/pages\/6056\/revisions\/6059"}],"wp:attachment":[{"href":"https:\/\/cofab-in-bondy.fr\/index.php?rest_route=%2Fwp%2Fv2%2Fmedia&parent=6056"}],"curies":[{"name":"wp","href":"https:\/\/api.w.org\/{rel}","templated":true}]}}