{"id":5880,"date":"2021-03-16T19:01:02","date_gmt":"2021-03-16T18:01:02","guid":{"rendered":"http:\/\/cofab-in-bondy.fr\/?page_id=5880"},"modified":"2021-03-16T19:15:21","modified_gmt":"2021-03-16T18:15:21","slug":"partenaires-au-sud","status":"publish","type":"page","link":"https:\/\/cofab-in-bondy.fr\/?page_id=5880","title":{"rendered":"Partenaires au Sud"},"content":{"rendered":"<p>L&rsquo;IRD, institut de recherche pour le d\u00e9veloppement (durable), est sous la tutelle partag\u00e9e du <strong>Minist\u00e8re de l&rsquo;enseignement sup\u00e9rieur, de la recherche et de l&rsquo;innovation<\/strong> et du <strong>Minist\u00e8re de l&rsquo;Europe et des affaires \u00e9trang\u00e8res<\/strong>. Cet institut a vocation \u00e0 faire de la recherche sur le d\u00e9veloppement durable <strong>dans et avec les \u00ab\u00a0pays du Sud\u00a0\u00bb<\/strong>.<\/p>\n<p>Par \u00ab\u00a0pays du Sud\u00a0\u00bb, nous entendons \u00ab\u00a0pays au sud de l&rsquo;Europe\u00a0\u00bb qui sont <strong>en voie de d\u00e9veloppement<\/strong>. L&rsquo;IRD est pr\u00e9sent principalement en Afrique, mais aussi en Am\u00e9rique centrale et du Sud, ainsi qu&rsquo;en Asie du Sud-Est. L&rsquo;IRD poss\u00e8de \u00e9galement plusieurs antennes en Outre-Mer fran\u00e7ais. Pour voir le planisph\u00e8re des antennes IRD dans le monde :<a href=\"https:\/\/www.ird.fr\/lird-en-france-et-dans-le-monde\"> https:\/\/www.ird.fr\/lird-en-france-et-dans-le-monde<\/a><\/p>\n<p>Au Cofab in Bondy, nous avons d\u00e9j\u00e0 d\u00e9velopp\u00e9 <strong>trois partenariats<\/strong> avec des coll\u00e8gues du Sud : dans les villes de <strong>Marrakech (Maroc)<\/strong>, de <strong>Dakar (S\u00e9n\u00e9gal)<\/strong> et de <strong>Cotonou (B\u00e9nin)<\/strong>.<\/p>\n","protected":false},"excerpt":{"rendered":"<p>L&rsquo;IRD, institut de recherche pour le d\u00e9veloppement (durable), est sous la tutelle partag\u00e9e du Minist\u00e8re de l&rsquo;enseignement sup\u00e9rieur, de la recherche et de l&rsquo;innovation et du Minist\u00e8re de l&rsquo;Europe et [&hellip;]<\/p>\n","protected":false},"author":2,"featured_media":0,"parent":0,"menu_order":0,"comment_status":"closed","ping_status":"closed","template":"","meta":[],"yoast_head":"<!-- This site is optimized with the Yoast SEO plugin v16.0.2 - https:\/\/yoast.com\/wordpress\/plugins\/seo\/ -->\n<title>Partenaires au Sud - Co-Fab in Bondy<\/title>\n<meta name=\"robots\" content=\"index, follow, max-snippet:-1, max-image-preview:large, max-video-preview:-1\" \/>\n<link rel=\"canonical\" href=\"https:\/\/cofab-in-bondy.fr\/?page_id=5880\" \/>\n<meta property=\"og:locale\" content=\"fr_FR\" \/>\n<meta property=\"og:type\" content=\"article\" \/>\n<meta property=\"og:title\" content=\"Partenaires au Sud - Co-Fab in Bondy\" \/>\n<meta property=\"og:description\" content=\"L&rsquo;IRD, institut de recherche pour le d\u00e9veloppement (durable), est sous la tutelle partag\u00e9e du Minist\u00e8re de l&rsquo;enseignement sup\u00e9rieur, de la recherche et de l&rsquo;innovation et du Minist\u00e8re de l&rsquo;Europe et [&hellip;]\" \/>\n<meta property=\"og:url\" content=\"https:\/\/cofab-in-bondy.fr\/?page_id=5880\" \/>\n<meta property=\"og:site_name\" content=\"Co-Fab in Bondy\" \/>\n<meta property=\"article:modified_time\" content=\"2021-03-16T18:15:21+00:00\" \/>\n<meta name=\"twitter:card\" content=\"summary_large_image\" \/>\n<meta name=\"twitter:label1\" content=\"Dur\u00e9e de lecture est.\">\n\t<meta name=\"twitter:data1\" content=\"1 minute\">\n<script type=\"application\/ld+json\" class=\"yoast-schema-graph\">{\"@context\":\"https:\/\/schema.org\",\"@graph\":[{\"@type\":\"Organization\",\"@id\":\"https:\/\/cofab-in-bondy.fr\/#organization\",\"name\":\"cofab-in-bondy\",\"url\":\"https:\/\/cofab-in-bondy.fr\/\",\"sameAs\":[],\"logo\":{\"@type\":\"ImageObject\",\"@id\":\"https:\/\/cofab-in-bondy.fr\/#logo\",\"inLanguage\":\"fr-FR\",\"url\":\"https:\/\/cofab-in-bondy.fr\/wp-content\/uploads\/2021\/01\/co-Fab_short.png\",\"width\":90,\"height\":43,\"caption\":\"cofab-in-bondy\"},\"image\":{\"@id\":\"https:\/\/cofab-in-bondy.fr\/#logo\"}},{\"@type\":\"WebSite\",\"@id\":\"https:\/\/cofab-in-bondy.fr\/#website\",\"url\":\"https:\/\/cofab-in-bondy.fr\/\",\"name\":\"CoFab-in-Bondy\",\"description\":\"Le fablab made in Bondy !\",\"publisher\":{\"@id\":\"https:\/\/cofab-in-bondy.fr\/#organization\"},\"potentialAction\":[{\"@type\":\"SearchAction\",\"target\":\"https:\/\/cofab-in-bondy.fr\/?s={search_term_string}\",\"query-input\":\"required name=search_term_string\"}],\"inLanguage\":\"fr-FR\"},{\"@type\":\"WebPage\",\"@id\":\"https:\/\/cofab-in-bondy.fr\/?page_id=5880#webpage\",\"url\":\"https:\/\/cofab-in-bondy.fr\/?page_id=5880\",\"name\":\"Partenaires au Sud - Co-Fab in Bondy\",\"isPartOf\":{\"@id\":\"https:\/\/cofab-in-bondy.fr\/#website\"},\"datePublished\":\"2021-03-16T18:01:02+00:00\",\"dateModified\":\"2021-03-16T18:15:21+00:00\",\"breadcrumb\":{\"@id\":\"https:\/\/cofab-in-bondy.fr\/?page_id=5880#breadcrumb\"},\"inLanguage\":\"fr-FR\",\"potentialAction\":[{\"@type\":\"ReadAction\",\"target\":[\"https:\/\/cofab-in-bondy.fr\/?page_id=5880\"]}]},{\"@type\":\"BreadcrumbList\",\"@id\":\"https:\/\/cofab-in-bondy.fr\/?page_id=5880#breadcrumb\",\"itemListElement\":[{\"@type\":\"ListItem\",\"position\":1,\"item\":{\"@type\":\"WebPage\",\"@id\":\"https:\/\/cofab-in-bondy.fr\/\",\"url\":\"https:\/\/cofab-in-bondy.fr\/\",\"name\":\"Accueil\"}},{\"@type\":\"ListItem\",\"position\":2,\"item\":{\"@type\":\"WebPage\",\"@id\":\"https:\/\/cofab-in-bondy.fr\/?page_id=5880\",\"url\":\"https:\/\/cofab-in-bondy.fr\/?page_id=5880\",\"name\":\"Partenaires au Sud\"}}]}]}<\/script>\n<!-- \/ Yoast SEO plugin. -->","_links":{"self":[{"href":"https:\/\/cofab-in-bondy.fr\/index.php?rest_route=\/wp\/v2\/pages\/5880"}],"collection":[{"href":"https:\/\/cofab-in-bondy.fr\/index.php?rest_route=\/wp\/v2\/pages"}],"about":[{"href":"https:\/\/cofab-in-bondy.fr\/index.php?rest_route=\/wp\/v2\/types\/page"}],"author":[{"embeddable":true,"href":"https:\/\/cofab-in-bondy.fr\/index.php?rest_route=\/wp\/v2\/users\/2"}],"replies":[{"embeddable":true,"href":"https:\/\/cofab-in-bondy.fr\/index.php?rest_route=%2Fwp%2Fv2%2Fcomments&post=5880"}],"version-history":[{"count":3,"href":"https:\/\/cofab-in-bondy.fr\/index.php?rest_route=\/wp\/v2\/pages\/5880\/revisions"}],"predecessor-version":[{"id":5883,"href":"https:\/\/cofab-in-bondy.fr\/index.php?rest_route=\/wp\/v2\/pages\/5880\/revisions\/5883"}],"wp:attachment":[{"href":"https:\/\/cofab-in-bondy.fr\/index.php?rest_route=%2Fwp%2Fv2%2Fmedia&parent=5880"}],"curies":[{"name":"wp","href":"https:\/\/api.w.org\/{rel}","templated":true}]}}