{"id":5857,"date":"2021-03-16T18:05:15","date_gmt":"2021-03-16T17:05:15","guid":{"rendered":"http:\/\/cofab-in-bondy.fr\/?page_id=5857"},"modified":"2021-03-24T16:23:13","modified_gmt":"2021-03-24T15:23:13","slug":"logiciels-2","status":"publish","type":"page","link":"https:\/\/cofab-in-bondy.fr\/?page_id=5857","title":{"rendered":"Logiciels"},"content":{"rendered":"\n<p>Nous ne pourrions pas travailler sur nos machines sans les logiciels associ\u00e9s.<\/p>\n\n\n\n<p>Pour trouver des tutos afin d&rsquo;apprendre \u00e0 les utiliser, <a href=\"https:\/\/cofab-in-bondy.fr\/?page_id=5175\">c&rsquo;est par l\u00e0<\/a>.<\/p>\n\n\n\n<p>Voici la liste des logiciels que nous utilisons au Cofab in Bondy :<\/p>\n\n\n\n<p>INKSCAPE (logiciel de dessin vectoriel utilis\u00e9 pour la d\u00e9coupe laser, g\u00e9n\u00e9ration de fichiers \u00ab\u00a0.dxf\u00a0\u00bb)<\/p>\n\n\n\n<p>LASERCUT (logiciel de param\u00e9trage de fichiers \u00ab\u00a0.dxf\u00a0\u00bb pour la d\u00e9coupe laser, g\u00e9n\u00e9ration de fichiers \u00ab\u00a0.eol\u00a0\u00bb)<\/p>\n\n\n\n<p>DOOD (logiciel de param\u00e9trage pour l&rsquo;impression 3D, g\u00e9n\u00e9ration de fichiers \u00ab\u00a0.gcode\u00a0\u00bb)<\/p>\n\n\n\n<p>ARDUINO (logiciel de programmation pour cartes programmables Arduino)<\/p>\n","protected":false},"excerpt":{"rendered":"<p>Nous ne pourrions pas travailler sur nos machines sans les logiciels associ\u00e9s. Pour trouver des tutos afin d&rsquo;apprendre \u00e0 les utiliser, c&rsquo;est par l\u00e0. Voici la liste des logiciels que [&hellip;]<\/p>\n","protected":false},"author":2,"featured_media":0,"parent":0,"menu_order":0,"comment_status":"closed","ping_status":"closed","template":"","meta":[],"yoast_head":"<!-- This site is optimized with the Yoast SEO plugin v16.0.2 - https:\/\/yoast.com\/wordpress\/plugins\/seo\/ -->\n<title>Logiciels - Co-Fab in Bondy<\/title>\n<meta name=\"robots\" content=\"index, follow, max-snippet:-1, max-image-preview:large, max-video-preview:-1\" \/>\n<link rel=\"canonical\" href=\"http:\/\/cofab-in-bondy.fr\/?page_id=5857\" \/>\n<meta property=\"og:locale\" content=\"fr_FR\" \/>\n<meta property=\"og:type\" content=\"article\" \/>\n<meta property=\"og:title\" content=\"Logiciels - Co-Fab in Bondy\" \/>\n<meta property=\"og:description\" content=\"Nous ne pourrions pas travailler sur nos machines sans les logiciels associ\u00e9s. Pour trouver des tutos afin d&rsquo;apprendre \u00e0 les utiliser, c&rsquo;est par l\u00e0. Voici la liste des logiciels que [&hellip;]\" \/>\n<meta property=\"og:url\" content=\"http:\/\/cofab-in-bondy.fr\/?page_id=5857\" \/>\n<meta property=\"og:site_name\" content=\"Co-Fab in Bondy\" \/>\n<meta property=\"article:modified_time\" content=\"2021-03-24T15:23:13+00:00\" \/>\n<meta name=\"twitter:card\" content=\"summary_large_image\" \/>\n<meta name=\"twitter:label1\" content=\"Dur\u00e9e de lecture est.\">\n\t<meta name=\"twitter:data1\" content=\"1 minute\">\n<script type=\"application\/ld+json\" class=\"yoast-schema-graph\">{\"@context\":\"https:\/\/schema.org\",\"@graph\":[{\"@type\":\"Organization\",\"@id\":\"https:\/\/cofab-in-bondy.fr\/#organization\",\"name\":\"cofab-in-bondy\",\"url\":\"https:\/\/cofab-in-bondy.fr\/\",\"sameAs\":[],\"logo\":{\"@type\":\"ImageObject\",\"@id\":\"https:\/\/cofab-in-bondy.fr\/#logo\",\"inLanguage\":\"fr-FR\",\"url\":\"https:\/\/cofab-in-bondy.fr\/wp-content\/uploads\/2021\/01\/co-Fab_short.png\",\"width\":90,\"height\":43,\"caption\":\"cofab-in-bondy\"},\"image\":{\"@id\":\"https:\/\/cofab-in-bondy.fr\/#logo\"}},{\"@type\":\"WebSite\",\"@id\":\"https:\/\/cofab-in-bondy.fr\/#website\",\"url\":\"https:\/\/cofab-in-bondy.fr\/\",\"name\":\"CoFab-in-Bondy\",\"description\":\"Le fablab made in Bondy !\",\"publisher\":{\"@id\":\"https:\/\/cofab-in-bondy.fr\/#organization\"},\"potentialAction\":[{\"@type\":\"SearchAction\",\"target\":\"https:\/\/cofab-in-bondy.fr\/?s={search_term_string}\",\"query-input\":\"required name=search_term_string\"}],\"inLanguage\":\"fr-FR\"},{\"@type\":\"WebPage\",\"@id\":\"http:\/\/cofab-in-bondy.fr\/?page_id=5857#webpage\",\"url\":\"http:\/\/cofab-in-bondy.fr\/?page_id=5857\",\"name\":\"Logiciels - Co-Fab in Bondy\",\"isPartOf\":{\"@id\":\"https:\/\/cofab-in-bondy.fr\/#website\"},\"datePublished\":\"2021-03-16T17:05:15+00:00\",\"dateModified\":\"2021-03-24T15:23:13+00:00\",\"breadcrumb\":{\"@id\":\"http:\/\/cofab-in-bondy.fr\/?page_id=5857#breadcrumb\"},\"inLanguage\":\"fr-FR\",\"potentialAction\":[{\"@type\":\"ReadAction\",\"target\":[\"http:\/\/cofab-in-bondy.fr\/?page_id=5857\"]}]},{\"@type\":\"BreadcrumbList\",\"@id\":\"http:\/\/cofab-in-bondy.fr\/?page_id=5857#breadcrumb\",\"itemListElement\":[{\"@type\":\"ListItem\",\"position\":1,\"item\":{\"@type\":\"WebPage\",\"@id\":\"https:\/\/cofab-in-bondy.fr\/\",\"url\":\"https:\/\/cofab-in-bondy.fr\/\",\"name\":\"Accueil\"}},{\"@type\":\"ListItem\",\"position\":2,\"item\":{\"@type\":\"WebPage\",\"@id\":\"http:\/\/cofab-in-bondy.fr\/?page_id=5857\",\"url\":\"http:\/\/cofab-in-bondy.fr\/?page_id=5857\",\"name\":\"Logiciels\"}}]}]}<\/script>\n<!-- \/ Yoast SEO plugin. -->","_links":{"self":[{"href":"https:\/\/cofab-in-bondy.fr\/index.php?rest_route=\/wp\/v2\/pages\/5857"}],"collection":[{"href":"https:\/\/cofab-in-bondy.fr\/index.php?rest_route=\/wp\/v2\/pages"}],"about":[{"href":"https:\/\/cofab-in-bondy.fr\/index.php?rest_route=\/wp\/v2\/types\/page"}],"author":[{"embeddable":true,"href":"https:\/\/cofab-in-bondy.fr\/index.php?rest_route=\/wp\/v2\/users\/2"}],"replies":[{"embeddable":true,"href":"https:\/\/cofab-in-bondy.fr\/index.php?rest_route=%2Fwp%2Fv2%2Fcomments&post=5857"}],"version-history":[{"count":2,"href":"https:\/\/cofab-in-bondy.fr\/index.php?rest_route=\/wp\/v2\/pages\/5857\/revisions"}],"predecessor-version":[{"id":5961,"href":"https:\/\/cofab-in-bondy.fr\/index.php?rest_route=\/wp\/v2\/pages\/5857\/revisions\/5961"}],"wp:attachment":[{"href":"https:\/\/cofab-in-bondy.fr\/index.php?rest_route=%2Fwp%2Fv2%2Fmedia&parent=5857"}],"curies":[{"name":"wp","href":"https:\/\/api.w.org\/{rel}","templated":true}]}}