{"id":5855,"date":"2021-03-16T18:03:27","date_gmt":"2021-03-16T17:03:27","guid":{"rendered":"http:\/\/cofab-in-bondy.fr\/?page_id=5855"},"modified":"2021-03-24T16:33:21","modified_gmt":"2021-03-24T15:33:21","slug":"machines","status":"publish","type":"page","link":"https:\/\/cofab-in-bondy.fr\/?page_id=5855","title":{"rendered":"Machines"},"content":{"rendered":"\n<p>Au fablab nous ne disposons pas que d&rsquo;outils, nous ne nous limitons pas \u00e0 un garage ou \u00e0 une cabane \u00e0 outils. Notre principal point fort est la vari\u00e9t\u00e9 de machines de fabrication que nous proposons. Par machine nous entendons objet technique fonctionnant \u00e9lectriquement et \u00e9tant pilot\u00e9 <a href=\"https:\/\/cofab-in-bondy.fr\/?page_id=5857\">par un logiciel<\/a>.<\/p>\n\n\n\n<p>Liste de nos machines :<\/p>\n\n\n\n<figure class=\"wp-block-embed is-type-wp-embed is-provider-co-fab-in-bondy wp-block-embed-co-fab-in-bondy\"><div class=\"wp-block-embed__wrapper\">\n<blockquote class=\"wp-embedded-content\" data-secret=\"DKDNvmfwSS\"><a href=\"http:\/\/cofab-in-bondy.fr\/?page_id=5620\">Equipements &#8211; Appareils \u00e9lectriques de laboratoire<\/a><\/blockquote><iframe class=\"wp-embedded-content\" sandbox=\"allow-scripts\" security=\"restricted\" style=\"position: absolute; clip: rect(1px, 1px, 1px, 1px);\" title=\"\u00ab\u00a0Equipements &#8211; Appareils \u00e9lectriques de laboratoire\u00a0\u00bb &#8212; Co-Fab in Bondy\" src=\"http:\/\/cofab-in-bondy.fr\/?page_id=5620&#038;embed=true#?secret=DKDNvmfwSS\" data-secret=\"DKDNvmfwSS\" width=\"600\" height=\"338\" frameborder=\"0\" marginwidth=\"0\" marginheight=\"0\" scrolling=\"no\"><\/iframe>\n<\/div><\/figure>\n\n\n\n<figure class=\"wp-block-embed is-type-wp-embed is-provider-co-fab-in-bondy wp-block-embed-co-fab-in-bondy\"><div class=\"wp-block-embed__wrapper\">\n<blockquote class=\"wp-embedded-content\" data-secret=\"wPk0FKZ8Rw\"><a href=\"http:\/\/cofab-in-bondy.fr\/?page_id=5415\">Equipements &#8211; D\u00e9coupeuse laser<\/a><\/blockquote><iframe class=\"wp-embedded-content\" sandbox=\"allow-scripts\" security=\"restricted\" style=\"position: absolute; clip: rect(1px, 1px, 1px, 1px);\" title=\"\u00ab\u00a0Equipements &#8211; D\u00e9coupeuse laser\u00a0\u00bb &#8212; Co-Fab in Bondy\" src=\"http:\/\/cofab-in-bondy.fr\/?page_id=5415&#038;embed=true#?secret=wPk0FKZ8Rw\" data-secret=\"wPk0FKZ8Rw\" width=\"600\" height=\"338\" frameborder=\"0\" marginwidth=\"0\" marginheight=\"0\" scrolling=\"no\"><\/iframe>\n<\/div><\/figure>\n\n\n\n<figure class=\"wp-block-embed is-type-wp-embed is-provider-co-fab-in-bondy wp-block-embed-co-fab-in-bondy\"><div class=\"wp-block-embed__wrapper\">\n<blockquote class=\"wp-embedded-content\" data-secret=\"SanLDanKue\"><a href=\"http:\/\/cofab-in-bondy.fr\/?page_id=5347\">Equipements &#8211; Imprimantes 3D<\/a><\/blockquote><iframe class=\"wp-embedded-content\" sandbox=\"allow-scripts\" security=\"restricted\" style=\"position: absolute; clip: rect(1px, 1px, 1px, 1px);\" title=\"\u00ab\u00a0Equipements &#8211; Imprimantes 3D\u00a0\u00bb &#8212; Co-Fab in Bondy\" src=\"http:\/\/cofab-in-bondy.fr\/?page_id=5347&#038;embed=true#?secret=SanLDanKue\" data-secret=\"SanLDanKue\" width=\"600\" height=\"338\" frameborder=\"0\" marginwidth=\"0\" marginheight=\"0\" scrolling=\"no\"><\/iframe>\n<\/div><\/figure>\n\n\n\n<figure class=\"wp-block-embed is-type-wp-embed is-provider-co-fab-in-bondy wp-block-embed-co-fab-in-bondy\"><div class=\"wp-block-embed__wrapper\">\n<blockquote class=\"wp-embedded-content\" data-secret=\"qipEyHeJCf\"><a href=\"http:\/\/cofab-in-bondy.fr\/?page_id=5448\">Equipements &#8211; Imprimante photo jet d&#8217;encre (A3)<\/a><\/blockquote><iframe class=\"wp-embedded-content\" sandbox=\"allow-scripts\" security=\"restricted\" style=\"position: absolute; clip: rect(1px, 1px, 1px, 1px);\" title=\"\u00ab\u00a0Equipements &#8211; Imprimante photo jet d&#8217;encre (A3)\u00a0\u00bb &#8212; Co-Fab in Bondy\" src=\"http:\/\/cofab-in-bondy.fr\/?page_id=5448&#038;embed=true#?secret=qipEyHeJCf\" data-secret=\"qipEyHeJCf\" width=\"600\" height=\"338\" frameborder=\"0\" marginwidth=\"0\" marginheight=\"0\" scrolling=\"no\"><\/iframe>\n<\/div><\/figure>\n\n\n\n<figure class=\"wp-block-embed is-type-wp-embed is-provider-co-fab-in-bondy wp-block-embed-co-fab-in-bondy\"><div class=\"wp-block-embed__wrapper\">\n<blockquote class=\"wp-embedded-content\" data-secret=\"ua4PNuy1f6\"><a href=\"https:\/\/cofab-in-bondy.fr\/?page_id=5560\">Equipements &#8211; Imprimante photo thermique (A4)<\/a><\/blockquote><iframe class=\"wp-embedded-content\" sandbox=\"allow-scripts\" security=\"restricted\" style=\"position: absolute; clip: rect(1px, 1px, 1px, 1px);\" title=\"\u00ab\u00a0Equipements &#8211; Imprimante photo thermique (A4)\u00a0\u00bb &#8212; Co-Fab in Bondy\" src=\"https:\/\/cofab-in-bondy.fr\/?page_id=5560&#038;embed=true#?secret=ua4PNuy1f6\" data-secret=\"ua4PNuy1f6\" width=\"600\" height=\"338\" frameborder=\"0\" marginwidth=\"0\" marginheight=\"0\" scrolling=\"no\"><\/iframe>\n<\/div><\/figure>\n\n\n\n<figure class=\"wp-block-embed is-type-wp-embed is-provider-co-fab-in-bondy wp-block-embed-co-fab-in-bondy\"><div class=\"wp-block-embed__wrapper\">\n<blockquote class=\"wp-embedded-content\" data-secret=\"7p29KtE6ES\"><a href=\"https:\/\/cofab-in-bondy.fr\/?page_id=5450\">Equipements &#8211; Traceur \u00e0 posters<\/a><\/blockquote><iframe class=\"wp-embedded-content\" sandbox=\"allow-scripts\" security=\"restricted\" style=\"position: absolute; clip: rect(1px, 1px, 1px, 1px);\" title=\"\u00ab\u00a0Equipements &#8211; Traceur \u00e0 posters\u00a0\u00bb &#8212; Co-Fab in Bondy\" src=\"https:\/\/cofab-in-bondy.fr\/?page_id=5450&#038;embed=true#?secret=7p29KtE6ES\" data-secret=\"7p29KtE6ES\" width=\"600\" height=\"338\" frameborder=\"0\" marginwidth=\"0\" marginheight=\"0\" scrolling=\"no\"><\/iframe>\n<\/div><\/figure>\n","protected":false},"excerpt":{"rendered":"<p>Au fablab nous ne disposons pas que d&rsquo;outils, nous ne nous limitons pas \u00e0 un garage ou \u00e0 une cabane \u00e0 outils. Notre principal point fort est la vari\u00e9t\u00e9 de [&hellip;]<\/p>\n","protected":false},"author":2,"featured_media":0,"parent":0,"menu_order":0,"comment_status":"closed","ping_status":"closed","template":"","meta":[],"yoast_head":"<!-- This site is optimized with the Yoast SEO plugin v16.0.2 - https:\/\/yoast.com\/wordpress\/plugins\/seo\/ -->\n<title>Machines - Co-Fab in Bondy<\/title>\n<meta name=\"robots\" content=\"index, follow, max-snippet:-1, max-image-preview:large, max-video-preview:-1\" \/>\n<link rel=\"canonical\" href=\"https:\/\/cofab-in-bondy.fr\/?page_id=5855\" \/>\n<meta property=\"og:locale\" content=\"fr_FR\" \/>\n<meta property=\"og:type\" content=\"article\" \/>\n<meta property=\"og:title\" content=\"Machines - Co-Fab in Bondy\" \/>\n<meta property=\"og:description\" content=\"Au fablab nous ne disposons pas que d&rsquo;outils, nous ne nous limitons pas \u00e0 un garage ou \u00e0 une cabane \u00e0 outils. Notre principal point fort est la vari\u00e9t\u00e9 de [&hellip;]\" \/>\n<meta property=\"og:url\" content=\"https:\/\/cofab-in-bondy.fr\/?page_id=5855\" \/>\n<meta property=\"og:site_name\" content=\"Co-Fab in Bondy\" \/>\n<meta property=\"article:modified_time\" content=\"2021-03-24T15:33:21+00:00\" \/>\n<meta name=\"twitter:card\" content=\"summary_large_image\" \/>\n<meta name=\"twitter:label1\" content=\"Dur\u00e9e de lecture est.\">\n\t<meta name=\"twitter:data1\" content=\"1 minute\">\n<script type=\"application\/ld+json\" class=\"yoast-schema-graph\">{\"@context\":\"https:\/\/schema.org\",\"@graph\":[{\"@type\":\"Organization\",\"@id\":\"https:\/\/cofab-in-bondy.fr\/#organization\",\"name\":\"cofab-in-bondy\",\"url\":\"https:\/\/cofab-in-bondy.fr\/\",\"sameAs\":[],\"logo\":{\"@type\":\"ImageObject\",\"@id\":\"https:\/\/cofab-in-bondy.fr\/#logo\",\"inLanguage\":\"fr-FR\",\"url\":\"https:\/\/cofab-in-bondy.fr\/wp-content\/uploads\/2021\/01\/co-Fab_short.png\",\"width\":90,\"height\":43,\"caption\":\"cofab-in-bondy\"},\"image\":{\"@id\":\"https:\/\/cofab-in-bondy.fr\/#logo\"}},{\"@type\":\"WebSite\",\"@id\":\"https:\/\/cofab-in-bondy.fr\/#website\",\"url\":\"https:\/\/cofab-in-bondy.fr\/\",\"name\":\"CoFab-in-Bondy\",\"description\":\"Le fablab made in Bondy !\",\"publisher\":{\"@id\":\"https:\/\/cofab-in-bondy.fr\/#organization\"},\"potentialAction\":[{\"@type\":\"SearchAction\",\"target\":\"https:\/\/cofab-in-bondy.fr\/?s={search_term_string}\",\"query-input\":\"required name=search_term_string\"}],\"inLanguage\":\"fr-FR\"},{\"@type\":\"WebPage\",\"@id\":\"https:\/\/cofab-in-bondy.fr\/?page_id=5855#webpage\",\"url\":\"https:\/\/cofab-in-bondy.fr\/?page_id=5855\",\"name\":\"Machines - Co-Fab in Bondy\",\"isPartOf\":{\"@id\":\"https:\/\/cofab-in-bondy.fr\/#website\"},\"datePublished\":\"2021-03-16T17:03:27+00:00\",\"dateModified\":\"2021-03-24T15:33:21+00:00\",\"breadcrumb\":{\"@id\":\"https:\/\/cofab-in-bondy.fr\/?page_id=5855#breadcrumb\"},\"inLanguage\":\"fr-FR\",\"potentialAction\":[{\"@type\":\"ReadAction\",\"target\":[\"https:\/\/cofab-in-bondy.fr\/?page_id=5855\"]}]},{\"@type\":\"BreadcrumbList\",\"@id\":\"https:\/\/cofab-in-bondy.fr\/?page_id=5855#breadcrumb\",\"itemListElement\":[{\"@type\":\"ListItem\",\"position\":1,\"item\":{\"@type\":\"WebPage\",\"@id\":\"https:\/\/cofab-in-bondy.fr\/\",\"url\":\"https:\/\/cofab-in-bondy.fr\/\",\"name\":\"Accueil\"}},{\"@type\":\"ListItem\",\"position\":2,\"item\":{\"@type\":\"WebPage\",\"@id\":\"https:\/\/cofab-in-bondy.fr\/?page_id=5855\",\"url\":\"https:\/\/cofab-in-bondy.fr\/?page_id=5855\",\"name\":\"Machines\"}}]}]}<\/script>\n<!-- \/ Yoast SEO plugin. -->","_links":{"self":[{"href":"https:\/\/cofab-in-bondy.fr\/index.php?rest_route=\/wp\/v2\/pages\/5855"}],"collection":[{"href":"https:\/\/cofab-in-bondy.fr\/index.php?rest_route=\/wp\/v2\/pages"}],"about":[{"href":"https:\/\/cofab-in-bondy.fr\/index.php?rest_route=\/wp\/v2\/types\/page"}],"author":[{"embeddable":true,"href":"https:\/\/cofab-in-bondy.fr\/index.php?rest_route=\/wp\/v2\/users\/2"}],"replies":[{"embeddable":true,"href":"https:\/\/cofab-in-bondy.fr\/index.php?rest_route=%2Fwp%2Fv2%2Fcomments&post=5855"}],"version-history":[{"count":2,"href":"https:\/\/cofab-in-bondy.fr\/index.php?rest_route=\/wp\/v2\/pages\/5855\/revisions"}],"predecessor-version":[{"id":5979,"href":"https:\/\/cofab-in-bondy.fr\/index.php?rest_route=\/wp\/v2\/pages\/5855\/revisions\/5979"}],"wp:attachment":[{"href":"https:\/\/cofab-in-bondy.fr\/index.php?rest_route=%2Fwp%2Fv2%2Fmedia&parent=5855"}],"curies":[{"name":"wp","href":"https:\/\/api.w.org\/{rel}","templated":true}]}}