{"id":5560,"date":"2021-02-18T15:19:27","date_gmt":"2021-02-18T14:19:27","guid":{"rendered":"http:\/\/cofab-in-bondy.fr\/?page_id=5560"},"modified":"2021-03-24T16:35:48","modified_gmt":"2021-03-24T15:35:48","slug":"imprimante-photo","status":"publish","type":"page","link":"https:\/\/cofab-in-bondy.fr\/?page_id=5560","title":{"rendered":"Imprimante photo thermique (A4)"},"content":{"rendered":"\n<p>Dans la salle de formation du fablab, vous trouverez deux imprimantes destin\u00e9es \u00e0 l&rsquo;impression photo. L&rsquo;une d&rsquo;elles est une imprimante thermique, et l&rsquo;autre <a href=\"https:\/\/cofab-in-bondy.fr\/?page_id=5448\">une imprimante jet d&rsquo;encre<\/a>.<\/p>\n\n\n\n<p>Les imprimantes\u00a0<strong>\u00e0 sublimation thermique,<\/strong>\u00a0ou imprimantes thermiques, ne sont utilis\u00e9es que pour<strong> l&rsquo;impression de photographies.<\/strong> Les principaux avantages de ce type de mat\u00e9riel sont leur\u00a0<strong>facilit\u00e9 d&rsquo;utilisation<\/strong>, ainsi que leur <strong>autonomie<\/strong>. Elles n&rsquo;ont donc pas besoin d&rsquo;\u00eatre connect\u00e9es \u00e0 un ordinateur pour fonctionner.<\/p>\n\n\n\n<p>L&rsquo;imprimante thermique du Cofab in Bondy est une imprimante de la marque <strong>DNP<\/strong>. Elle permet d&rsquo;imprimer des photographies sur <strong>papier brillant<\/strong> en <strong>format A4<\/strong>.<\/p>\n\n\n\n<figure class=\"wp-block-image size-large\"><img loading=\"lazy\" width=\"1024\" height=\"768\" src=\"http:\/\/cofab-in-bondy.fr\/wp-content\/uploads\/2021\/02\/IMG_20210217_093459-1024x768.jpg\" alt=\"\" class=\"wp-image-5402\" srcset=\"https:\/\/cofab-in-bondy.fr\/wp-content\/uploads\/2021\/02\/IMG_20210217_093459-1024x768.jpg 1024w, https:\/\/cofab-in-bondy.fr\/wp-content\/uploads\/2021\/02\/IMG_20210217_093459-300x225.jpg 300w, https:\/\/cofab-in-bondy.fr\/wp-content\/uploads\/2021\/02\/IMG_20210217_093459-768x576.jpg 768w, https:\/\/cofab-in-bondy.fr\/wp-content\/uploads\/2021\/02\/IMG_20210217_093459-1536x1152.jpg 1536w, https:\/\/cofab-in-bondy.fr\/wp-content\/uploads\/2021\/02\/IMG_20210217_093459-2048x1536.jpg 2048w, https:\/\/cofab-in-bondy.fr\/wp-content\/uploads\/2021\/02\/IMG_20210217_093459-400x300.jpg 400w\" sizes=\"(max-width: 1024px) 100vw, 1024px\" \/><figcaption>Imprimante photo thermique DNP du Cofab in Bondy<\/figcaption><\/figure>\n\n\n\n<p><strong>Consignes de s\u00e9curit\u00e9 :<\/strong><\/p>\n\n\n\n<ul><li>N\u2019introduisez pas d&rsquo;objets ne faisant pas partie de l&rsquo;imprimante \u00e0 l\u2019int\u00e9rieur de la machine.<\/li><li>Ne touchez pas la machine et ses composants internes si vous avez les mains mouill\u00e9es, cela pourrait entra\u00eener des d\u00e9charges \u00e9lectriques.<\/li><li>Assurez-vous que les prises et les c\u00e2bles soient branch\u00e9es en toute s\u00e9curit\u00e9 lorsque vous utilisez l&rsquo;imprimante.<\/li><\/ul>\n\n\n\n<p><strong>Entretien de l&rsquo;\u00e9quipement :<\/strong><\/p>\n\n\n\n<ul><li>Une fois l&rsquo;appareil hors tension, nettoyez l&rsquo;ext\u00e9rieur de l&rsquo;imprimante \u00e0 l&rsquo;aide d&rsquo;un chiffon l\u00e9g\u00e8rement humidifi\u00e9.<\/li><\/ul>\n","protected":false},"excerpt":{"rendered":"<p>Dans la salle de formation du fablab, vous trouverez deux imprimantes destin\u00e9es \u00e0 l&rsquo;impression photo. L&rsquo;une d&rsquo;elles est une imprimante thermique, et l&rsquo;autre une imprimante jet d&rsquo;encre. Les imprimantes\u00a0\u00e0 sublimation [&hellip;]<\/p>\n","protected":false},"author":8,"featured_media":0,"parent":0,"menu_order":2,"comment_status":"closed","ping_status":"closed","template":"","meta":[],"yoast_head":"<!-- This site is optimized with the Yoast SEO plugin v16.0.2 - https:\/\/yoast.com\/wordpress\/plugins\/seo\/ -->\n<title>Imprimante photo thermique (A4) - Co-Fab in Bondy<\/title>\n<meta name=\"robots\" content=\"index, follow, max-snippet:-1, max-image-preview:large, max-video-preview:-1\" \/>\n<link rel=\"canonical\" href=\"http:\/\/cofab-in-bondy.fr\/?page_id=5560\" \/>\n<meta property=\"og:locale\" content=\"fr_FR\" \/>\n<meta property=\"og:type\" content=\"article\" \/>\n<meta property=\"og:title\" content=\"Imprimante photo thermique (A4) - Co-Fab in Bondy\" \/>\n<meta property=\"og:description\" content=\"Dans la salle de formation du fablab, vous trouverez deux imprimantes destin\u00e9es \u00e0 l&rsquo;impression photo. L&rsquo;une d&rsquo;elles est une imprimante thermique, et l&rsquo;autre une imprimante jet d&rsquo;encre. Les imprimantes\u00a0\u00e0 sublimation [&hellip;]\" \/>\n<meta property=\"og:url\" content=\"http:\/\/cofab-in-bondy.fr\/?page_id=5560\" \/>\n<meta property=\"og:site_name\" content=\"Co-Fab in Bondy\" \/>\n<meta property=\"article:modified_time\" content=\"2021-03-24T15:35:48+00:00\" \/>\n<meta property=\"og:image\" content=\"http:\/\/cofab-in-bondy.fr\/wp-content\/uploads\/2021\/02\/IMG_20210217_093459-1024x768.jpg\" \/>\n<meta name=\"twitter:card\" content=\"summary_large_image\" \/>\n<meta name=\"twitter:label1\" content=\"Dur\u00e9e de lecture est.\">\n\t<meta name=\"twitter:data1\" content=\"1 minute\">\n<script type=\"application\/ld+json\" class=\"yoast-schema-graph\">{\"@context\":\"https:\/\/schema.org\",\"@graph\":[{\"@type\":\"Organization\",\"@id\":\"https:\/\/cofab-in-bondy.fr\/#organization\",\"name\":\"cofab-in-bondy\",\"url\":\"https:\/\/cofab-in-bondy.fr\/\",\"sameAs\":[],\"logo\":{\"@type\":\"ImageObject\",\"@id\":\"https:\/\/cofab-in-bondy.fr\/#logo\",\"inLanguage\":\"fr-FR\",\"url\":\"https:\/\/cofab-in-bondy.fr\/wp-content\/uploads\/2021\/01\/co-Fab_short.png\",\"width\":90,\"height\":43,\"caption\":\"cofab-in-bondy\"},\"image\":{\"@id\":\"https:\/\/cofab-in-bondy.fr\/#logo\"}},{\"@type\":\"WebSite\",\"@id\":\"https:\/\/cofab-in-bondy.fr\/#website\",\"url\":\"https:\/\/cofab-in-bondy.fr\/\",\"name\":\"CoFab-in-Bondy\",\"description\":\"Le fablab made in Bondy !\",\"publisher\":{\"@id\":\"https:\/\/cofab-in-bondy.fr\/#organization\"},\"potentialAction\":[{\"@type\":\"SearchAction\",\"target\":\"https:\/\/cofab-in-bondy.fr\/?s={search_term_string}\",\"query-input\":\"required name=search_term_string\"}],\"inLanguage\":\"fr-FR\"},{\"@type\":\"ImageObject\",\"@id\":\"http:\/\/cofab-in-bondy.fr\/?page_id=5560#primaryimage\",\"inLanguage\":\"fr-FR\",\"url\":\"http:\/\/cofab-in-bondy.fr\/wp-content\/uploads\/2021\/02\/IMG_20210217_093459-1024x768.jpg\"},{\"@type\":\"WebPage\",\"@id\":\"http:\/\/cofab-in-bondy.fr\/?page_id=5560#webpage\",\"url\":\"http:\/\/cofab-in-bondy.fr\/?page_id=5560\",\"name\":\"Imprimante photo thermique (A4) - Co-Fab in Bondy\",\"isPartOf\":{\"@id\":\"https:\/\/cofab-in-bondy.fr\/#website\"},\"primaryImageOfPage\":{\"@id\":\"http:\/\/cofab-in-bondy.fr\/?page_id=5560#primaryimage\"},\"datePublished\":\"2021-02-18T14:19:27+00:00\",\"dateModified\":\"2021-03-24T15:35:48+00:00\",\"breadcrumb\":{\"@id\":\"http:\/\/cofab-in-bondy.fr\/?page_id=5560#breadcrumb\"},\"inLanguage\":\"fr-FR\",\"potentialAction\":[{\"@type\":\"ReadAction\",\"target\":[\"http:\/\/cofab-in-bondy.fr\/?page_id=5560\"]}]},{\"@type\":\"BreadcrumbList\",\"@id\":\"http:\/\/cofab-in-bondy.fr\/?page_id=5560#breadcrumb\",\"itemListElement\":[{\"@type\":\"ListItem\",\"position\":1,\"item\":{\"@type\":\"WebPage\",\"@id\":\"https:\/\/cofab-in-bondy.fr\/\",\"url\":\"https:\/\/cofab-in-bondy.fr\/\",\"name\":\"Accueil\"}},{\"@type\":\"ListItem\",\"position\":2,\"item\":{\"@type\":\"WebPage\",\"@id\":\"http:\/\/cofab-in-bondy.fr\/?page_id=5560\",\"url\":\"http:\/\/cofab-in-bondy.fr\/?page_id=5560\",\"name\":\"Imprimante photo thermique (A4)\"}}]}]}<\/script>\n<!-- \/ Yoast SEO plugin. -->","_links":{"self":[{"href":"https:\/\/cofab-in-bondy.fr\/index.php?rest_route=\/wp\/v2\/pages\/5560"}],"collection":[{"href":"https:\/\/cofab-in-bondy.fr\/index.php?rest_route=\/wp\/v2\/pages"}],"about":[{"href":"https:\/\/cofab-in-bondy.fr\/index.php?rest_route=\/wp\/v2\/types\/page"}],"author":[{"embeddable":true,"href":"https:\/\/cofab-in-bondy.fr\/index.php?rest_route=\/wp\/v2\/users\/8"}],"replies":[{"embeddable":true,"href":"https:\/\/cofab-in-bondy.fr\/index.php?rest_route=%2Fwp%2Fv2%2Fcomments&post=5560"}],"version-history":[{"count":12,"href":"https:\/\/cofab-in-bondy.fr\/index.php?rest_route=\/wp\/v2\/pages\/5560\/revisions"}],"predecessor-version":[{"id":5986,"href":"https:\/\/cofab-in-bondy.fr\/index.php?rest_route=\/wp\/v2\/pages\/5560\/revisions\/5986"}],"wp:attachment":[{"href":"https:\/\/cofab-in-bondy.fr\/index.php?rest_route=%2Fwp%2Fv2%2Fmedia&parent=5560"}],"curies":[{"name":"wp","href":"https:\/\/api.w.org\/{rel}","templated":true}]}}