{"id":5478,"date":"2021-02-17T16:39:30","date_gmt":"2021-02-17T15:39:30","guid":{"rendered":"http:\/\/cofab-in-bondy.fr\/?page_id=5478"},"modified":"2021-03-24T16:36:05","modified_gmt":"2021-03-24T15:36:05","slug":"outils-divers","status":"publish","type":"page","link":"https:\/\/cofab-in-bondy.fr\/?page_id=5478","title":{"rendered":"Outils Divers"},"content":{"rendered":"\n<p>Au Fablab nous disposons d&rsquo;une grande panoplie d&rsquo;outils en tout genre qui nous sont utiles au quotidien pour continuer de cr\u00e9\u00e9, innover et s&rsquo;am\u00e9liorer \u00e0 vos c\u00f4t\u00e9.Perceuse, marteaux, pinces coupantes, tournes vices, truelle,&#8230; Nous avons de quoi vous ravir.<\/p>\n\n\n\n<figure class=\"wp-block-image size-large\"><img loading=\"lazy\" width=\"1024\" height=\"768\" src=\"http:\/\/cofab-in-bondy.fr\/wp-content\/uploads\/2021\/02\/IMG_20210217_145357-1024x768.jpg\" alt=\"\" class=\"wp-image-5503\" srcset=\"https:\/\/cofab-in-bondy.fr\/wp-content\/uploads\/2021\/02\/IMG_20210217_145357-1024x768.jpg 1024w, https:\/\/cofab-in-bondy.fr\/wp-content\/uploads\/2021\/02\/IMG_20210217_145357-300x225.jpg 300w, https:\/\/cofab-in-bondy.fr\/wp-content\/uploads\/2021\/02\/IMG_20210217_145357-768x576.jpg 768w, https:\/\/cofab-in-bondy.fr\/wp-content\/uploads\/2021\/02\/IMG_20210217_145357-1536x1152.jpg 1536w, https:\/\/cofab-in-bondy.fr\/wp-content\/uploads\/2021\/02\/IMG_20210217_145357-2048x1536.jpg 2048w, https:\/\/cofab-in-bondy.fr\/wp-content\/uploads\/2021\/02\/IMG_20210217_145357-400x300.jpg 400w\" sizes=\"(max-width: 1024px) 100vw, 1024px\" \/><\/figure>\n\n\n\n<p>Cependant il subsiste des dangers lors de l&rsquo;utilisation de ces outils, pour que tout se passe bien nous vous conseillons de suivre les instructions suivante pour votre s\u00e9curit\u00e9:<\/p>\n\n\n\n<ul><li><strong>\u00c9loignez les enfants<\/strong>&nbsp;: les particules chimiques, les projections ou encore le bruit sont tr\u00e8s dangereux pour des enfants.<\/li><\/ul>\n\n\n\n<ul><li><strong>Choisissez des outils adapt\u00e9s<\/strong>&nbsp;\u00e0 vos travaux et v\u00e9rifiez qu&rsquo;ils sont en bon \u00e9tat. Un outil inadapt\u00e9 et\/ou us\u00e9 peut engendrer des accidents.<\/li><\/ul>\n\n\n\n<ul><li><strong>Am\u00e9nagez votre environnement de travail en fonction des travaux<\/strong>&nbsp;:  <ul><li>Veillez \u00e0 ne pas utiliser d&rsquo;\u00e9lectricit\u00e9 \u00e0 proximit\u00e9 de liquide.<\/li><\/ul><ul><li>N&rsquo;effectuez pas de travaux dans un endroit mal \u00e9clair\u00e9 et mal ventil\u00e9.Cela accentue les risques d&rsquo;accidents<\/li><li>Ne laissez pas de poussi\u00e8re ni d&rsquo;\u00e9l\u00e9ments qui pourrait vous g\u00eaner sur votre espace de travail.<\/li><li>V\u00e9rifiez la stabilit\u00e9 et la solidit\u00e9 des outils et supports utilis\u00e9s.<\/li><\/ul><\/li><\/ul>\n\n\n\n<figure class=\"wp-block-image size-large\"><img loading=\"lazy\" width=\"1024\" height=\"768\" src=\"http:\/\/cofab-in-bondy.fr\/wp-content\/uploads\/2021\/02\/IMG_20210217_145406-1024x768.jpg\" alt=\"\" class=\"wp-image-5505\" srcset=\"https:\/\/cofab-in-bondy.fr\/wp-content\/uploads\/2021\/02\/IMG_20210217_145406-1024x768.jpg 1024w, https:\/\/cofab-in-bondy.fr\/wp-content\/uploads\/2021\/02\/IMG_20210217_145406-300x225.jpg 300w, https:\/\/cofab-in-bondy.fr\/wp-content\/uploads\/2021\/02\/IMG_20210217_145406-768x576.jpg 768w, https:\/\/cofab-in-bondy.fr\/wp-content\/uploads\/2021\/02\/IMG_20210217_145406-1536x1152.jpg 1536w, https:\/\/cofab-in-bondy.fr\/wp-content\/uploads\/2021\/02\/IMG_20210217_145406-2048x1536.jpg 2048w, https:\/\/cofab-in-bondy.fr\/wp-content\/uploads\/2021\/02\/IMG_20210217_145406-400x300.jpg 400w\" sizes=\"(max-width: 1024px) 100vw, 1024px\" \/><\/figure>\n\n\n\n<p>Comme d&rsquo;habitudes, apr\u00e8s l&rsquo;utilisation des outils il est important de les entretnirs, pour cela nous vous recommandons de suivre ces conseils:<\/p>\n\n\n\n<ul><li><strong>Rangez votre environnement de travail<\/strong>&nbsp;: d\u00e9branchez tous les appareils puis rangez les \u00e0 leurs place et mettez les produits toxiques hors de port\u00e9e des enfants.<\/li><li><strong>Rangez, nettoyez et a\u00e9rez<\/strong>&nbsp;: Cela \u00e9vitera de cr\u00e9\u00e9 des accidents tel que des chutes et des probl\u00e8mes respiratoires pour les plus sensibles.<\/li><\/ul>\n","protected":false},"excerpt":{"rendered":"<p>Au Fablab nous disposons d&rsquo;une grande panoplie d&rsquo;outils en tout genre qui nous sont utiles au quotidien pour continuer de cr\u00e9\u00e9, innover et s&rsquo;am\u00e9liorer \u00e0 vos c\u00f4t\u00e9.Perceuse, marteaux, pinces coupantes, [&hellip;]<\/p>\n","protected":false},"author":8,"featured_media":0,"parent":0,"menu_order":2,"comment_status":"closed","ping_status":"closed","template":"","meta":[],"yoast_head":"<!-- This site is optimized with the Yoast SEO plugin v16.0.2 - https:\/\/yoast.com\/wordpress\/plugins\/seo\/ -->\n<title>Outils Divers - Co-Fab in Bondy<\/title>\n<meta name=\"robots\" content=\"index, follow, max-snippet:-1, max-image-preview:large, max-video-preview:-1\" \/>\n<link rel=\"canonical\" href=\"https:\/\/cofab-in-bondy.fr\/?page_id=5478\" \/>\n<meta property=\"og:locale\" content=\"fr_FR\" \/>\n<meta property=\"og:type\" content=\"article\" \/>\n<meta property=\"og:title\" content=\"Outils Divers - Co-Fab in Bondy\" \/>\n<meta property=\"og:description\" content=\"Au Fablab nous disposons d&rsquo;une grande panoplie d&rsquo;outils en tout genre qui nous sont utiles au quotidien pour continuer de cr\u00e9\u00e9, innover et s&rsquo;am\u00e9liorer \u00e0 vos c\u00f4t\u00e9.Perceuse, marteaux, pinces coupantes, [&hellip;]\" \/>\n<meta property=\"og:url\" content=\"https:\/\/cofab-in-bondy.fr\/?page_id=5478\" \/>\n<meta property=\"og:site_name\" content=\"Co-Fab in Bondy\" \/>\n<meta property=\"article:modified_time\" content=\"2021-03-24T15:36:05+00:00\" \/>\n<meta property=\"og:image\" content=\"http:\/\/cofab-in-bondy.fr\/wp-content\/uploads\/2021\/02\/IMG_20210217_145357-1024x768.jpg\" \/>\n<meta name=\"twitter:card\" content=\"summary_large_image\" \/>\n<meta name=\"twitter:label1\" content=\"Dur\u00e9e de lecture est.\">\n\t<meta name=\"twitter:data1\" content=\"1 minute\">\n<script type=\"application\/ld+json\" class=\"yoast-schema-graph\">{\"@context\":\"https:\/\/schema.org\",\"@graph\":[{\"@type\":\"Organization\",\"@id\":\"https:\/\/cofab-in-bondy.fr\/#organization\",\"name\":\"cofab-in-bondy\",\"url\":\"https:\/\/cofab-in-bondy.fr\/\",\"sameAs\":[],\"logo\":{\"@type\":\"ImageObject\",\"@id\":\"https:\/\/cofab-in-bondy.fr\/#logo\",\"inLanguage\":\"fr-FR\",\"url\":\"https:\/\/cofab-in-bondy.fr\/wp-content\/uploads\/2021\/01\/co-Fab_short.png\",\"width\":90,\"height\":43,\"caption\":\"cofab-in-bondy\"},\"image\":{\"@id\":\"https:\/\/cofab-in-bondy.fr\/#logo\"}},{\"@type\":\"WebSite\",\"@id\":\"https:\/\/cofab-in-bondy.fr\/#website\",\"url\":\"https:\/\/cofab-in-bondy.fr\/\",\"name\":\"CoFab-in-Bondy\",\"description\":\"Le fablab made in Bondy !\",\"publisher\":{\"@id\":\"https:\/\/cofab-in-bondy.fr\/#organization\"},\"potentialAction\":[{\"@type\":\"SearchAction\",\"target\":\"https:\/\/cofab-in-bondy.fr\/?s={search_term_string}\",\"query-input\":\"required name=search_term_string\"}],\"inLanguage\":\"fr-FR\"},{\"@type\":\"ImageObject\",\"@id\":\"https:\/\/cofab-in-bondy.fr\/?page_id=5478#primaryimage\",\"inLanguage\":\"fr-FR\",\"url\":\"http:\/\/cofab-in-bondy.fr\/wp-content\/uploads\/2021\/02\/IMG_20210217_145357-1024x768.jpg\"},{\"@type\":\"WebPage\",\"@id\":\"https:\/\/cofab-in-bondy.fr\/?page_id=5478#webpage\",\"url\":\"https:\/\/cofab-in-bondy.fr\/?page_id=5478\",\"name\":\"Outils Divers - Co-Fab in Bondy\",\"isPartOf\":{\"@id\":\"https:\/\/cofab-in-bondy.fr\/#website\"},\"primaryImageOfPage\":{\"@id\":\"https:\/\/cofab-in-bondy.fr\/?page_id=5478#primaryimage\"},\"datePublished\":\"2021-02-17T15:39:30+00:00\",\"dateModified\":\"2021-03-24T15:36:05+00:00\",\"breadcrumb\":{\"@id\":\"https:\/\/cofab-in-bondy.fr\/?page_id=5478#breadcrumb\"},\"inLanguage\":\"fr-FR\",\"potentialAction\":[{\"@type\":\"ReadAction\",\"target\":[\"https:\/\/cofab-in-bondy.fr\/?page_id=5478\"]}]},{\"@type\":\"BreadcrumbList\",\"@id\":\"https:\/\/cofab-in-bondy.fr\/?page_id=5478#breadcrumb\",\"itemListElement\":[{\"@type\":\"ListItem\",\"position\":1,\"item\":{\"@type\":\"WebPage\",\"@id\":\"https:\/\/cofab-in-bondy.fr\/\",\"url\":\"https:\/\/cofab-in-bondy.fr\/\",\"name\":\"Accueil\"}},{\"@type\":\"ListItem\",\"position\":2,\"item\":{\"@type\":\"WebPage\",\"@id\":\"https:\/\/cofab-in-bondy.fr\/?page_id=5478\",\"url\":\"https:\/\/cofab-in-bondy.fr\/?page_id=5478\",\"name\":\"Outils Divers\"}}]}]}<\/script>\n<!-- \/ Yoast SEO plugin. -->","_links":{"self":[{"href":"https:\/\/cofab-in-bondy.fr\/index.php?rest_route=\/wp\/v2\/pages\/5478"}],"collection":[{"href":"https:\/\/cofab-in-bondy.fr\/index.php?rest_route=\/wp\/v2\/pages"}],"about":[{"href":"https:\/\/cofab-in-bondy.fr\/index.php?rest_route=\/wp\/v2\/types\/page"}],"author":[{"embeddable":true,"href":"https:\/\/cofab-in-bondy.fr\/index.php?rest_route=\/wp\/v2\/users\/8"}],"replies":[{"embeddable":true,"href":"https:\/\/cofab-in-bondy.fr\/index.php?rest_route=%2Fwp%2Fv2%2Fcomments&post=5478"}],"version-history":[{"count":8,"href":"https:\/\/cofab-in-bondy.fr\/index.php?rest_route=\/wp\/v2\/pages\/5478\/revisions"}],"predecessor-version":[{"id":5988,"href":"https:\/\/cofab-in-bondy.fr\/index.php?rest_route=\/wp\/v2\/pages\/5478\/revisions\/5988"}],"wp:attachment":[{"href":"https:\/\/cofab-in-bondy.fr\/index.php?rest_route=%2Fwp%2Fv2%2Fmedia&parent=5478"}],"curies":[{"name":"wp","href":"https:\/\/api.w.org\/{rel}","templated":true}]}}