{"id":5452,"date":"2021-02-17T15:21:19","date_gmt":"2021-02-17T14:21:19","guid":{"rendered":"http:\/\/cofab-in-bondy.fr\/?page_id=5452"},"modified":"2021-03-24T16:35:06","modified_gmt":"2021-03-24T15:35:06","slug":"station-de-soudure","status":"publish","type":"page","link":"https:\/\/cofab-in-bondy.fr\/?page_id=5452","title":{"rendered":"D\u00e9capeur thermique"},"content":{"rendered":"\n<p>Au Co-Fab on dispose d\u2019un <strong>d\u00e9capeur thermique<\/strong> (ou <strong>pistolet \u00e0 air chaud<\/strong>) qui est un appareil qui diffuse un jet d\u2019air chaud. On l\u2019utilise comme une source de chaleur sans pr\u00e9sence de flamme. On l\u2019utilise \u00e9galement pour \u00e9liminer les r\u00e9sidus fondus.<\/p>\n\n\n\n<figure class=\"wp-block-image size-large\"><img loading=\"lazy\" width=\"1024\" height=\"768\" src=\"http:\/\/cofab-in-bondy.fr\/wp-content\/uploads\/2021\/02\/IMG_20210217_145258-1024x768.jpg\" alt=\"\" class=\"wp-image-5496\" srcset=\"https:\/\/cofab-in-bondy.fr\/wp-content\/uploads\/2021\/02\/IMG_20210217_145258-1024x768.jpg 1024w, https:\/\/cofab-in-bondy.fr\/wp-content\/uploads\/2021\/02\/IMG_20210217_145258-300x225.jpg 300w, https:\/\/cofab-in-bondy.fr\/wp-content\/uploads\/2021\/02\/IMG_20210217_145258-768x576.jpg 768w, https:\/\/cofab-in-bondy.fr\/wp-content\/uploads\/2021\/02\/IMG_20210217_145258-1536x1152.jpg 1536w, https:\/\/cofab-in-bondy.fr\/wp-content\/uploads\/2021\/02\/IMG_20210217_145258-2048x1536.jpg 2048w, https:\/\/cofab-in-bondy.fr\/wp-content\/uploads\/2021\/02\/IMG_20210217_145258-400x300.jpg 400w\" sizes=\"(max-width: 1024px) 100vw, 1024px\" \/><\/figure>\n\n\n\n<p>Consignes d&rsquo;utilisation :<\/p>\n\n\n\n<ul><li>Ne maintenez pas le souffle d\u2019air chaud trop longuement \u00e0 un seul endroit : cela pourrait cr\u00e9er un d\u00e9part de feu.<\/li><li>Eteignez le d\u00e9capeur thermique m\u00eame si vous vous arr\u00eatez un court instant. Cela \u00e9vitera les accidents en tous genres.<\/li><li>D\u00e9branchez-le quand vous quittez l\u2019endroit d\u2019utilisation et rangez le tout \u00e0 la fin de vos travaux.<\/li><\/ul>\n\n\n\n<p>Bien sur \u00e0 toutes ces consignes pour votre s\u00e9curit\u00e9 s\u2019ajoute l\u2019entretien du d\u00e9capeur thermique qui est d&rsquo;une importance non n\u00e9gligeable :<\/p>\n\n\n\n<ul><li>Apr\u00e8s son utilisation, d\u00e9branchez la prise, posez le d\u00e9capeur thermique en toute s\u00e9curit\u00e9 et laissez-le compl\u00e8tement refroidir avant de le ranger \u00e0 sa place.<\/li><li>Nettoyez le d\u00e9capeur thermique une fois totalement \u00e9teint et refroidi \u00e0 l\u2019aide d\u2019un chiffon si n\u00e9cessaire.<\/li><\/ul>\n","protected":false},"excerpt":{"rendered":"<p>Au Co-Fab on dispose d\u2019un d\u00e9capeur thermique (ou pistolet \u00e0 air chaud) qui est un appareil qui diffuse un jet d\u2019air chaud. On l\u2019utilise comme une source de chaleur sans [&hellip;]<\/p>\n","protected":false},"author":8,"featured_media":0,"parent":0,"menu_order":2,"comment_status":"closed","ping_status":"closed","template":"","meta":[],"yoast_head":"<!-- This site is optimized with the Yoast SEO plugin v16.0.2 - https:\/\/yoast.com\/wordpress\/plugins\/seo\/ -->\n<title>D\u00e9capeur thermique - Co-Fab in Bondy<\/title>\n<meta name=\"robots\" content=\"index, follow, max-snippet:-1, max-image-preview:large, max-video-preview:-1\" \/>\n<link rel=\"canonical\" href=\"http:\/\/cofab-in-bondy.fr\/?page_id=5452\" \/>\n<meta property=\"og:locale\" content=\"fr_FR\" \/>\n<meta property=\"og:type\" content=\"article\" \/>\n<meta property=\"og:title\" content=\"D\u00e9capeur thermique - Co-Fab in Bondy\" \/>\n<meta property=\"og:description\" content=\"Au Co-Fab on dispose d\u2019un d\u00e9capeur thermique (ou pistolet \u00e0 air chaud) qui est un appareil qui diffuse un jet d\u2019air chaud. On l\u2019utilise comme une source de chaleur sans [&hellip;]\" \/>\n<meta property=\"og:url\" content=\"http:\/\/cofab-in-bondy.fr\/?page_id=5452\" \/>\n<meta property=\"og:site_name\" content=\"Co-Fab in Bondy\" \/>\n<meta property=\"article:modified_time\" content=\"2021-03-24T15:35:06+00:00\" \/>\n<meta property=\"og:image\" content=\"http:\/\/cofab-in-bondy.fr\/wp-content\/uploads\/2021\/02\/IMG_20210217_145258-1024x768.jpg\" \/>\n<meta name=\"twitter:card\" content=\"summary_large_image\" \/>\n<meta name=\"twitter:label1\" content=\"Dur\u00e9e de lecture est.\">\n\t<meta name=\"twitter:data1\" content=\"1 minute\">\n<script type=\"application\/ld+json\" class=\"yoast-schema-graph\">{\"@context\":\"https:\/\/schema.org\",\"@graph\":[{\"@type\":\"Organization\",\"@id\":\"https:\/\/cofab-in-bondy.fr\/#organization\",\"name\":\"cofab-in-bondy\",\"url\":\"https:\/\/cofab-in-bondy.fr\/\",\"sameAs\":[],\"logo\":{\"@type\":\"ImageObject\",\"@id\":\"https:\/\/cofab-in-bondy.fr\/#logo\",\"inLanguage\":\"fr-FR\",\"url\":\"https:\/\/cofab-in-bondy.fr\/wp-content\/uploads\/2021\/01\/co-Fab_short.png\",\"width\":90,\"height\":43,\"caption\":\"cofab-in-bondy\"},\"image\":{\"@id\":\"https:\/\/cofab-in-bondy.fr\/#logo\"}},{\"@type\":\"WebSite\",\"@id\":\"https:\/\/cofab-in-bondy.fr\/#website\",\"url\":\"https:\/\/cofab-in-bondy.fr\/\",\"name\":\"CoFab-in-Bondy\",\"description\":\"Le fablab made in Bondy !\",\"publisher\":{\"@id\":\"https:\/\/cofab-in-bondy.fr\/#organization\"},\"potentialAction\":[{\"@type\":\"SearchAction\",\"target\":\"https:\/\/cofab-in-bondy.fr\/?s={search_term_string}\",\"query-input\":\"required name=search_term_string\"}],\"inLanguage\":\"fr-FR\"},{\"@type\":\"ImageObject\",\"@id\":\"http:\/\/cofab-in-bondy.fr\/?page_id=5452#primaryimage\",\"inLanguage\":\"fr-FR\",\"url\":\"http:\/\/cofab-in-bondy.fr\/wp-content\/uploads\/2021\/02\/IMG_20210217_145258-1024x768.jpg\"},{\"@type\":\"WebPage\",\"@id\":\"http:\/\/cofab-in-bondy.fr\/?page_id=5452#webpage\",\"url\":\"http:\/\/cofab-in-bondy.fr\/?page_id=5452\",\"name\":\"D\\u00e9capeur thermique - Co-Fab in Bondy\",\"isPartOf\":{\"@id\":\"https:\/\/cofab-in-bondy.fr\/#website\"},\"primaryImageOfPage\":{\"@id\":\"http:\/\/cofab-in-bondy.fr\/?page_id=5452#primaryimage\"},\"datePublished\":\"2021-02-17T14:21:19+00:00\",\"dateModified\":\"2021-03-24T15:35:06+00:00\",\"breadcrumb\":{\"@id\":\"http:\/\/cofab-in-bondy.fr\/?page_id=5452#breadcrumb\"},\"inLanguage\":\"fr-FR\",\"potentialAction\":[{\"@type\":\"ReadAction\",\"target\":[\"http:\/\/cofab-in-bondy.fr\/?page_id=5452\"]}]},{\"@type\":\"BreadcrumbList\",\"@id\":\"http:\/\/cofab-in-bondy.fr\/?page_id=5452#breadcrumb\",\"itemListElement\":[{\"@type\":\"ListItem\",\"position\":1,\"item\":{\"@type\":\"WebPage\",\"@id\":\"https:\/\/cofab-in-bondy.fr\/\",\"url\":\"https:\/\/cofab-in-bondy.fr\/\",\"name\":\"Accueil\"}},{\"@type\":\"ListItem\",\"position\":2,\"item\":{\"@type\":\"WebPage\",\"@id\":\"http:\/\/cofab-in-bondy.fr\/?page_id=5452\",\"url\":\"http:\/\/cofab-in-bondy.fr\/?page_id=5452\",\"name\":\"D\\u00e9capeur thermique\"}}]}]}<\/script>\n<!-- \/ Yoast SEO plugin. -->","_links":{"self":[{"href":"https:\/\/cofab-in-bondy.fr\/index.php?rest_route=\/wp\/v2\/pages\/5452"}],"collection":[{"href":"https:\/\/cofab-in-bondy.fr\/index.php?rest_route=\/wp\/v2\/pages"}],"about":[{"href":"https:\/\/cofab-in-bondy.fr\/index.php?rest_route=\/wp\/v2\/types\/page"}],"author":[{"embeddable":true,"href":"https:\/\/cofab-in-bondy.fr\/index.php?rest_route=\/wp\/v2\/users\/8"}],"replies":[{"embeddable":true,"href":"https:\/\/cofab-in-bondy.fr\/index.php?rest_route=%2Fwp%2Fv2%2Fcomments&post=5452"}],"version-history":[{"count":21,"href":"https:\/\/cofab-in-bondy.fr\/index.php?rest_route=\/wp\/v2\/pages\/5452\/revisions"}],"predecessor-version":[{"id":5981,"href":"https:\/\/cofab-in-bondy.fr\/index.php?rest_route=\/wp\/v2\/pages\/5452\/revisions\/5981"}],"wp:attachment":[{"href":"https:\/\/cofab-in-bondy.fr\/index.php?rest_route=%2Fwp%2Fv2%2Fmedia&parent=5452"}],"curies":[{"name":"wp","href":"https:\/\/api.w.org\/{rel}","templated":true}]}}