{"id":5415,"date":"2021-02-17T11:30:26","date_gmt":"2021-02-17T10:30:26","guid":{"rendered":"http:\/\/cofab-in-bondy.fr\/?page_id=5415"},"modified":"2021-03-24T16:35:13","modified_gmt":"2021-03-24T15:35:13","slug":"decoupeuse-laser","status":"publish","type":"page","link":"https:\/\/cofab-in-bondy.fr\/?page_id=5415","title":{"rendered":"D\u00e9coupeuse laser"},"content":{"rendered":"\n<p>Le Co-Fab mis \u00e0 votre disposition une d\u00e9coupeuse laser au format 60*80 cm. La d\u00e9coupeuse projette un laser dans un tube de CO2, qui est refl\u00e9chie par des miroirs et des hublots. La t\u00eate du laser est fix\u00e9e sur un bras articul\u00e9 qui permet son d\u00e9placement. Le plateau est lui aussi mobile ce qui lui permet de s\u2019adapter \u00e0 la hauteur des mat\u00e9riaux, et amovible pour \u00eatre nettoy\u00e9 facilement.Aussi diff\u00e9rents mat\u00e9riaux sont utilisable avec une d\u00e9coupeuse laser tel que: le bois, certains plastiques (polyester, polys, \u2026), papier, cuir, carton, caoutchouc, \u2026 Au fablab de bondy notre d\u00e9coupeuse est de format 60*80 cm.<\/p>\n\n\n\n<div class=\"wp-block-group\"><div class=\"wp-block-group__inner-container\">\n<p>Ayant donc achev\u00e9 ses pr\u00e9paratifs, il ne voulut pas attendre davantage pour mettre \u00e0 ex\u00e9cution son projet. Ce qui le pressait de la sorte, c\u2019\u00e9tait la privation qu\u2019il croyait faire au monde par son retard, tant il esp\u00e9rait venger d\u2019offenses, redresser de torts, r\u00e9parer d\u2019injustices, corriger d\u2019abus, acquitter de dettes.<\/p>\n<\/div><\/div>\n\n\n\n<figure class=\"wp-block-image size-large\"><img loading=\"lazy\" width=\"1024\" height=\"768\" src=\"http:\/\/cofab-in-bondy.fr\/wp-content\/uploads\/2021\/02\/IMG_20210217_093100-1024x768.jpg\" alt=\"\" class=\"wp-image-5390\" srcset=\"https:\/\/cofab-in-bondy.fr\/wp-content\/uploads\/2021\/02\/IMG_20210217_093100-1024x768.jpg 1024w, https:\/\/cofab-in-bondy.fr\/wp-content\/uploads\/2021\/02\/IMG_20210217_093100-300x225.jpg 300w, https:\/\/cofab-in-bondy.fr\/wp-content\/uploads\/2021\/02\/IMG_20210217_093100-768x576.jpg 768w, https:\/\/cofab-in-bondy.fr\/wp-content\/uploads\/2021\/02\/IMG_20210217_093100-1536x1152.jpg 1536w, https:\/\/cofab-in-bondy.fr\/wp-content\/uploads\/2021\/02\/IMG_20210217_093100-2048x1536.jpg 2048w, https:\/\/cofab-in-bondy.fr\/wp-content\/uploads\/2021\/02\/IMG_20210217_093100-400x300.jpg 400w\" sizes=\"(max-width: 1024px) 100vw, 1024px\" \/><\/figure>\n\n\n\n<p>Pour une bonne exp\u00e9rience lors de l\u2019utilisation d\u2019une d\u00e9coupeuse laser veuillez prendre conscience des dangerosit\u00e9s li\u00e9s \u00e0 leur activit\u00e9.<\/p>\n\n\n\n<p>La d\u00e9coupeuse laser est pourvue d&rsquo;un syst\u00e8me de s\u00e9curit\u00e9 qui g\u00eane toute utilisation de la machine lorsque le capot est ouvert ou mal ferm\u00e9, ainsi il n\u2019y a aucun risque de blessure avec le laser. Si vous ouvrez le capot alors que la d\u00e9coupeuse laser est en fonctionnement cela la met en pause et vous pouvez reprendre ensuite l&rsquo;activit\u00e9 de cette derni\u00e8re<\/p>\n\n\n\n<p><strong>Les r\u00e8gles de s\u00e9curit\u00e9<\/strong> :<\/p>\n\n\n\n<p><strong>R\u00e8gle N\u00b01<\/strong>&nbsp;: \u00catre sur que le mat\u00e9riau est compatible avec la machine et qu\u2019il ne contient pas de chlore notamment.<\/p>\n\n\n\n<p><strong>R\u00e8gle N\u00b02<\/strong>&nbsp;: Avant de mettre en route la d\u00e9coupeuse laser,&nbsp;<strong>toujours v\u00e9rifier que les filtres sont allum\u00e9s ainsi que le surpresseur<\/strong>.<\/p>\n\n\n\n<p><strong>R\u00e8gle N\u00b03<\/strong>&nbsp;:&nbsp;<strong>Toujours rester \u00e0 proximit\u00e9 de la machine pendant qu&rsquo;elle est en route<\/strong>&nbsp;cela permet d&rsquo;intervenir rapidement en cas de d\u00e9part de feu ou autres probl\u00e8mes<\/p>\n\n\n\n<figure class=\"wp-block-image size-large\"><img loading=\"lazy\" width=\"1024\" height=\"768\" src=\"http:\/\/cofab-in-bondy.fr\/wp-content\/uploads\/2021\/02\/IMG_20210217_093112-1024x768.jpg\" alt=\"\" class=\"wp-image-5391\" srcset=\"https:\/\/cofab-in-bondy.fr\/wp-content\/uploads\/2021\/02\/IMG_20210217_093112-1024x768.jpg 1024w, https:\/\/cofab-in-bondy.fr\/wp-content\/uploads\/2021\/02\/IMG_20210217_093112-300x225.jpg 300w, https:\/\/cofab-in-bondy.fr\/wp-content\/uploads\/2021\/02\/IMG_20210217_093112-768x576.jpg 768w, https:\/\/cofab-in-bondy.fr\/wp-content\/uploads\/2021\/02\/IMG_20210217_093112-1536x1152.jpg 1536w, https:\/\/cofab-in-bondy.fr\/wp-content\/uploads\/2021\/02\/IMG_20210217_093112-2048x1536.jpg 2048w, https:\/\/cofab-in-bondy.fr\/wp-content\/uploads\/2021\/02\/IMG_20210217_093112-400x300.jpg 400w\" sizes=\"(max-width: 1024px) 100vw, 1024px\" \/><\/figure>\n\n\n\n<p>Prendre soin des machines passe aussi par une&nbsp;utilisation correcte et une utilisation r\u00e9fl\u00e9chie de celles ci :<\/p>\n\n\n\n<p>Ne pas laisser la machine en marche tandis que le mat\u00e9riau est en train de br\u00fbler ou bien lorsque la machine est pleine de fum\u00e9e.<\/p>\n\n\n\n<p><\/p>\n\n\n\n<ul><li>-Lorsque la machine bipe c&rsquo;est que quelque chose ne vas pas il faut donc regarder ce qui ne vas pas et corriger le probl\u00e8me.<\/li><\/ul>\n\n\n\n<ul><li>-V\u00e9rifier que les r\u00e9glages sont bons avant de lancer la d\u00e9coupe de toutes une plaque<\/li><\/ul>\n\n\n\n<ul><li>-Surveiller continuellement la machine lors des d\u00e9coupes.<\/li><\/ul>\n\n\n\n<ul><li>-Ex\u00e9cuter des v\u00e9rifications de mat\u00e9riau pour utiliser des r\u00e9glages de d\u00e9coupe correspondant. Un r\u00e9glage trop puissant ou trop faible n&rsquo;est pas correct !Il ne faut pas non plus ajouter une passe suppl\u00e9mentairement parce que ma coupe n&rsquo;est pas tout a fait pass\u00e9e au travers.<\/li><\/ul>\n\n\n\n<p><strong>Qu&rsquo;est ce qui doit \u00eatre nettoyer ?<\/strong><\/p>\n\n\n\n<ul><li>-Les \u00e9l\u00e9ments de la t\u00eate mobile<ul><li>La buse (c\u00f4ne en aluminium)<\/li><li>Les miroirs<\/li><li>La lentille<\/li><\/ul><\/li><li>-Le sur-filtre&nbsp;<\/li><li>-L\u2019int\u00e9rieur de la machine<ul><li>La grille d&rsquo;aspiration de la machine<\/li><li>Les parois<\/li><li>Les bras mobiles<\/li><li>Le plateau<\/li><li>Le nid d&rsquo;abeille<\/li><li>Les lames en aluminium<\/li><li>La vitre<\/li><\/ul><\/li><\/ul>\n\n\n\n<p><\/p>\n\n\n\n<p><\/p>\n","protected":false},"excerpt":{"rendered":"<p>Le Co-Fab mis \u00e0 votre disposition une d\u00e9coupeuse laser au format 60*80 cm. La d\u00e9coupeuse projette un laser dans un tube de CO2, qui est refl\u00e9chie par des miroirs et [&hellip;]<\/p>\n","protected":false},"author":8,"featured_media":0,"parent":0,"menu_order":2,"comment_status":"closed","ping_status":"closed","template":"","meta":[],"yoast_head":"<!-- This site is optimized with the Yoast SEO plugin v16.0.2 - https:\/\/yoast.com\/wordpress\/plugins\/seo\/ -->\n<title>D\u00e9coupeuse laser - Co-Fab in Bondy<\/title>\n<meta name=\"robots\" content=\"index, follow, max-snippet:-1, max-image-preview:large, max-video-preview:-1\" \/>\n<link rel=\"canonical\" href=\"https:\/\/cofab-in-bondy.fr\/?page_id=5415\" \/>\n<meta property=\"og:locale\" content=\"fr_FR\" \/>\n<meta property=\"og:type\" content=\"article\" \/>\n<meta property=\"og:title\" content=\"D\u00e9coupeuse laser - Co-Fab in Bondy\" \/>\n<meta property=\"og:description\" content=\"Le Co-Fab mis \u00e0 votre disposition une d\u00e9coupeuse laser au format 60*80 cm. La d\u00e9coupeuse projette un laser dans un tube de CO2, qui est refl\u00e9chie par des miroirs et [&hellip;]\" \/>\n<meta property=\"og:url\" content=\"https:\/\/cofab-in-bondy.fr\/?page_id=5415\" \/>\n<meta property=\"og:site_name\" content=\"Co-Fab in Bondy\" \/>\n<meta property=\"article:modified_time\" content=\"2021-03-24T15:35:13+00:00\" \/>\n<meta property=\"og:image\" content=\"http:\/\/cofab-in-bondy.fr\/wp-content\/uploads\/2021\/02\/IMG_20210217_093100-1024x768.jpg\" \/>\n<meta name=\"twitter:card\" content=\"summary_large_image\" \/>\n<meta name=\"twitter:label1\" content=\"Dur\u00e9e de lecture est.\">\n\t<meta name=\"twitter:data1\" content=\"3 minutes\">\n<script type=\"application\/ld+json\" class=\"yoast-schema-graph\">{\"@context\":\"https:\/\/schema.org\",\"@graph\":[{\"@type\":\"Organization\",\"@id\":\"https:\/\/cofab-in-bondy.fr\/#organization\",\"name\":\"cofab-in-bondy\",\"url\":\"https:\/\/cofab-in-bondy.fr\/\",\"sameAs\":[],\"logo\":{\"@type\":\"ImageObject\",\"@id\":\"https:\/\/cofab-in-bondy.fr\/#logo\",\"inLanguage\":\"fr-FR\",\"url\":\"https:\/\/cofab-in-bondy.fr\/wp-content\/uploads\/2021\/01\/co-Fab_short.png\",\"width\":90,\"height\":43,\"caption\":\"cofab-in-bondy\"},\"image\":{\"@id\":\"https:\/\/cofab-in-bondy.fr\/#logo\"}},{\"@type\":\"WebSite\",\"@id\":\"https:\/\/cofab-in-bondy.fr\/#website\",\"url\":\"https:\/\/cofab-in-bondy.fr\/\",\"name\":\"CoFab-in-Bondy\",\"description\":\"Le fablab made in Bondy !\",\"publisher\":{\"@id\":\"https:\/\/cofab-in-bondy.fr\/#organization\"},\"potentialAction\":[{\"@type\":\"SearchAction\",\"target\":\"https:\/\/cofab-in-bondy.fr\/?s={search_term_string}\",\"query-input\":\"required name=search_term_string\"}],\"inLanguage\":\"fr-FR\"},{\"@type\":\"ImageObject\",\"@id\":\"https:\/\/cofab-in-bondy.fr\/?page_id=5415#primaryimage\",\"inLanguage\":\"fr-FR\",\"url\":\"http:\/\/cofab-in-bondy.fr\/wp-content\/uploads\/2021\/02\/IMG_20210217_093100-1024x768.jpg\"},{\"@type\":\"WebPage\",\"@id\":\"https:\/\/cofab-in-bondy.fr\/?page_id=5415#webpage\",\"url\":\"https:\/\/cofab-in-bondy.fr\/?page_id=5415\",\"name\":\"D\\u00e9coupeuse laser - Co-Fab in Bondy\",\"isPartOf\":{\"@id\":\"https:\/\/cofab-in-bondy.fr\/#website\"},\"primaryImageOfPage\":{\"@id\":\"https:\/\/cofab-in-bondy.fr\/?page_id=5415#primaryimage\"},\"datePublished\":\"2021-02-17T10:30:26+00:00\",\"dateModified\":\"2021-03-24T15:35:13+00:00\",\"breadcrumb\":{\"@id\":\"https:\/\/cofab-in-bondy.fr\/?page_id=5415#breadcrumb\"},\"inLanguage\":\"fr-FR\",\"potentialAction\":[{\"@type\":\"ReadAction\",\"target\":[\"https:\/\/cofab-in-bondy.fr\/?page_id=5415\"]}]},{\"@type\":\"BreadcrumbList\",\"@id\":\"https:\/\/cofab-in-bondy.fr\/?page_id=5415#breadcrumb\",\"itemListElement\":[{\"@type\":\"ListItem\",\"position\":1,\"item\":{\"@type\":\"WebPage\",\"@id\":\"https:\/\/cofab-in-bondy.fr\/\",\"url\":\"https:\/\/cofab-in-bondy.fr\/\",\"name\":\"Accueil\"}},{\"@type\":\"ListItem\",\"position\":2,\"item\":{\"@type\":\"WebPage\",\"@id\":\"https:\/\/cofab-in-bondy.fr\/?page_id=5415\",\"url\":\"https:\/\/cofab-in-bondy.fr\/?page_id=5415\",\"name\":\"D\\u00e9coupeuse laser\"}}]}]}<\/script>\n<!-- \/ Yoast SEO plugin. -->","_links":{"self":[{"href":"https:\/\/cofab-in-bondy.fr\/index.php?rest_route=\/wp\/v2\/pages\/5415"}],"collection":[{"href":"https:\/\/cofab-in-bondy.fr\/index.php?rest_route=\/wp\/v2\/pages"}],"about":[{"href":"https:\/\/cofab-in-bondy.fr\/index.php?rest_route=\/wp\/v2\/types\/page"}],"author":[{"embeddable":true,"href":"https:\/\/cofab-in-bondy.fr\/index.php?rest_route=\/wp\/v2\/users\/8"}],"replies":[{"embeddable":true,"href":"https:\/\/cofab-in-bondy.fr\/index.php?rest_route=%2Fwp%2Fv2%2Fcomments&post=5415"}],"version-history":[{"count":26,"href":"https:\/\/cofab-in-bondy.fr\/index.php?rest_route=\/wp\/v2\/pages\/5415\/revisions"}],"predecessor-version":[{"id":5982,"href":"https:\/\/cofab-in-bondy.fr\/index.php?rest_route=\/wp\/v2\/pages\/5415\/revisions\/5982"}],"wp:attachment":[{"href":"https:\/\/cofab-in-bondy.fr\/index.php?rest_route=%2Fwp%2Fv2%2Fmedia&parent=5415"}],"curies":[{"name":"wp","href":"https:\/\/api.w.org\/{rel}","templated":true}]}}