{"id":5237,"date":"2021-02-16T09:49:05","date_gmt":"2021-02-16T08:49:05","guid":{"rendered":"http:\/\/cofab-in-bondy.fr\/?page_id=5237"},"modified":"2021-04-21T16:52:46","modified_gmt":"2021-04-21T14:52:46","slug":"notre-histoire","status":"publish","type":"page","link":"https:\/\/cofab-in-bondy.fr\/?page_id=5237","title":{"rendered":"Notre histoire"},"content":{"rendered":"\n<p class=\"has-text-align-center has-large-font-size\"><strong>2017<\/strong><\/p>\n\n\n\n<p>L\u2019id\u00e9e de l\u2019ouverture d&rsquo;un fablab a \u00e9t\u00e9 lanc\u00e9e \u00e0 la fin de l&rsquo;ann\u00e9e 2017 par la <strong>d\u00e9l\u00e9gation r\u00e9gionale de l&rsquo;IRD en \u00cele de France<\/strong>. C&rsquo;\u00e9tait dans le cadre du projet \u00ab\u00a0<strong>campus de l&rsquo;innovation<\/strong>\u00ab\u00a0. L\u2019id\u00e9e \u00e9tait de cr\u00e9er un espace de coworking pouvant <strong>m\u00ealer plusieurs unit\u00e9s<\/strong> de recherches et autres d\u00e9partements scientifiques de l\u2019IRD ; c\u2019\u00e9tait aussi l\u2019occasion de mettre \u00e0 disposition un atelier o\u00f9 <strong>partager<\/strong> de l\u2019outillage et des machines, mais aussi des connaissances et comp\u00e9tences. <\/p>\n\n\n\n<figure class=\"wp-block-image size-large\"><img loading=\"lazy\" width=\"1024\" height=\"384\" src=\"http:\/\/cofab-in-bondy.fr\/wp-content\/uploads\/2021\/03\/Logo_Campus-de-linnovation-1-1024x384.png\" alt=\"\" class=\"wp-image-5970\" srcset=\"https:\/\/cofab-in-bondy.fr\/wp-content\/uploads\/2021\/03\/Logo_Campus-de-linnovation-1-1024x384.png 1024w, https:\/\/cofab-in-bondy.fr\/wp-content\/uploads\/2021\/03\/Logo_Campus-de-linnovation-1-300x112.png 300w, https:\/\/cofab-in-bondy.fr\/wp-content\/uploads\/2021\/03\/Logo_Campus-de-linnovation-1-768x288.png 768w, https:\/\/cofab-in-bondy.fr\/wp-content\/uploads\/2021\/03\/Logo_Campus-de-linnovation-1-1536x576.png 1536w, https:\/\/cofab-in-bondy.fr\/wp-content\/uploads\/2021\/03\/Logo_Campus-de-linnovation-1.png 1908w\" sizes=\"(max-width: 1024px) 100vw, 1024px\" \/><\/figure>\n\n\n\n<p>Deux personnes ont initialement \u00e9t\u00e9 choisies pour porter ce projet : Emilie BRUNET, documentaliste du service Information Scientifique et Technique, et Nicolas MARILLEAU, chercheur en mod\u00e9lisation de l\u2019unit\u00e9 mixte internationale de recherche UMMISCO.<\/p>\n\n\n\n<hr class=\"wp-block-separator has-text-color has-background has-black-background-color has-black-color\"\/>\n\n\n\n<p class=\"has-text-align-center has-large-font-size\"><strong>2018<\/strong><\/p>\n\n\n\n<p><a href=\"https:\/\/cofab-in-bondy.fr\/?page_id=5542\">Des locaux<\/a> sont d\u00e9sign\u00e9s pour accueillir le futur fablab. Emilie et Nicolas s&rsquo;occupent alors (en plus de leur temps de travail pour leurs unit\u00e9s respectives) de vider les locaux du mat\u00e9riel pr\u00e9sent \u00e0 l&rsquo;int\u00e9rieur (<strong>ancien laboratoire photo de l&rsquo;IRD<\/strong>). Des travaux de peinture sont engag\u00e9s, tout est \u00e0 refaire. Iels se chargent ensuite de l&rsquo;achat de mat\u00e9riel avec des budgets fournis par la d\u00e9l\u00e9gation r\u00e9gionale de l&rsquo;IRD et l&rsquo;UMMISCO, et de l&rsquo;installation de ce mat\u00e9riel dans les locaux fraichement peints. Pour cela iels obtiennent parfois l&rsquo;aide de quelques coll\u00e8gues.<\/p>\n\n\n\n<p>Emilie et Nicolas doivent \u00e9galement s&rsquo;occuper d&rsquo;une affaire importante : <strong>trouver un nom<\/strong> adapt\u00e9 pour ce fablab. Pour cela le pr\u00e9fixe \u00ab\u00a0co\u00a0\u00bb rappelle les notions de co-working, collaboration, coop\u00e9ration, c&rsquo;est-\u00e0-dire le fait de <strong>travailler ensemble<\/strong>. Il leur tenait \u00e9galement \u00e0 coeur d&rsquo;avoir un rappel de la ville dans laquelle le fablab est situ\u00e9. Ainsi <strong>le \u00ab\u00a0Cofab in Bondy\u00a0\u00bb est n\u00e9.<\/strong><\/p>\n\n\n\n<hr class=\"wp-block-separator has-text-color has-background has-black-background-color has-black-color\"\/>\n\n\n\n<p class=\"has-text-align-center has-large-font-size\"><strong>2019<\/strong><\/p>\n\n\n\n<p>Thierry PILORGE, technicien de l\u2019\u00e9quipe LOCEAN, a rejoint l\u2019\u00e9quipe Cofab in Bondy. Il avait lui aussi envie de s\u2019embarquer dans cette aventure avec Emilie et Nicolas. <\/p>\n\n\n\n<p>Les premi\u00e8res formations (\u00e0 la d\u00e9coupe laser notamment) sont anim\u00e9es cette ann\u00e9e-l\u00e0 par Nicolas et Thierry.<\/p>\n\n\n\n<hr class=\"wp-block-separator has-text-color has-background has-black-background-color has-black-color\"\/>\n\n\n\n<p class=\"has-text-align-center has-large-font-size\"><strong>2020<\/strong><\/p>\n\n\n\n<p>Murielle HONORE, du service Patrimoine et Logistique, est venue compl\u00e9ter l\u2019\u00e9quipe du Cofab in Bondy. Elle ajoute \u00e0 l\u2019\u00e9quipe de cofablabien\u00b7ne\u00b7s ses comp\u00e9tences en gestion et comptabilit\u00e9. <\/p>\n\n\n\n<p>Apr\u00e8s l\u2019\u00e9t\u00e9, un volontaire en service civique est recrut\u00e9 : Guillian RAULT. Il est recrut\u00e9 par le biais de l\u2019association LAB3S, et mis \u00e0 disposition du Cofab in Bondy pour assurer le poste de fablab manager. Ses t\u00e2ches sont d\u2019une part de donner vie \u00e0 l\u2019endroit, et d\u2019autre part d\u2019organiser et mener des animations et formations, avec des scolaires ou bien des agent\u00b7e\u00b7s du campus. Enfin il a aussi pour r\u00f4le de faire le lien entre les diff\u00e9rents acteur\u00b7ice\u00b7s venant au fablab (agent\u00b7e\u00b7s, chercheur\u00b7se\u00b7s, technicien\u00b7ne\u00b7s\u2026) et de faire de la gestion pratique des ressources du fablab (rangement, commandes de mat\u00e9riel, mise en place de panneaux de s\u00e9curit\u00e9).<\/p>\n\n\n\n<p>Mi-octobre, un d\u00e9g\u00e2t des eaux est survenu, annulant certains \u00e9v\u00e9nements devant avoir lieu fin octobre (portes ouvertes du Cofab). Le fablab a ainsi d\u00fb \u00eatre totalement vid\u00e9 des \u00e9quipements, et ferm\u00e9 pendant une certaine dur\u00e9e au public. Malheureusement, suite \u00e0 cela le deuxi\u00e8me confinement national a \u00e9t\u00e9 annonc\u00e9.<\/p>\n\n\n\n<figure class=\"wp-block-image size-medium\"><img loading=\"lazy\" width=\"225\" height=\"300\" src=\"https:\/\/cofab-in-bondy.fr\/wp-content\/uploads\/2021\/02\/20201013_131229-225x300.jpg\" alt=\"\" class=\"wp-image-4899\" srcset=\"https:\/\/cofab-in-bondy.fr\/wp-content\/uploads\/2021\/02\/20201013_131229-225x300.jpg 225w, https:\/\/cofab-in-bondy.fr\/wp-content\/uploads\/2021\/02\/20201013_131229-768x1024.jpg 768w, https:\/\/cofab-in-bondy.fr\/wp-content\/uploads\/2021\/02\/20201013_131229-1152x1536.jpg 1152w, https:\/\/cofab-in-bondy.fr\/wp-content\/uploads\/2021\/02\/20201013_131229-1536x2048.jpg 1536w, https:\/\/cofab-in-bondy.fr\/wp-content\/uploads\/2021\/02\/20201013_131229-scaled.jpg 1920w\" sizes=\"(max-width: 225px) 100vw, 225px\" \/><\/figure>\n\n\n\n<p><strong>Retrouvez juste ici le premier bilan d&rsquo;activit\u00e9s du Cofab in Bondy :<\/strong><\/p>\n\n\n\n<div class=\"wp-block-file\"><a href=\"https:\/\/cofab-in-bondy.fr\/wp-content\/uploads\/2021\/03\/Cofab_Bilan_dactivites_2020_final.pdf\">Cofab_Bilan_dactivites_2020<\/a><a href=\"https:\/\/cofab-in-bondy.fr\/wp-content\/uploads\/2021\/03\/Cofab_Bilan_dactivites_2020_final.pdf\" class=\"wp-block-file__button\" download>T\u00e9l\u00e9charger<\/a><\/div>\n\n\n\n<p><\/p>\n","protected":false},"excerpt":{"rendered":"<p>2017 L\u2019id\u00e9e de l\u2019ouverture d&rsquo;un fablab a \u00e9t\u00e9 lanc\u00e9e \u00e0 la fin de l&rsquo;ann\u00e9e 2017 par la d\u00e9l\u00e9gation r\u00e9gionale de l&rsquo;IRD en \u00cele de France. C&rsquo;\u00e9tait dans le cadre du [&hellip;]<\/p>\n","protected":false},"author":2,"featured_media":0,"parent":0,"menu_order":0,"comment_status":"closed","ping_status":"closed","template":"","meta":[],"yoast_head":"<!-- This site is optimized with the Yoast SEO plugin v16.0.2 - https:\/\/yoast.com\/wordpress\/plugins\/seo\/ -->\n<title>Notre histoire - Co-Fab in Bondy<\/title>\n<meta name=\"robots\" content=\"index, follow, max-snippet:-1, max-image-preview:large, max-video-preview:-1\" \/>\n<link rel=\"canonical\" href=\"https:\/\/cofab-in-bondy.fr\/?page_id=5237\" \/>\n<meta property=\"og:locale\" content=\"fr_FR\" \/>\n<meta property=\"og:type\" content=\"article\" \/>\n<meta property=\"og:title\" content=\"Notre histoire - Co-Fab in Bondy\" \/>\n<meta property=\"og:description\" content=\"2017 L\u2019id\u00e9e de l\u2019ouverture d&rsquo;un fablab a \u00e9t\u00e9 lanc\u00e9e \u00e0 la fin de l&rsquo;ann\u00e9e 2017 par la d\u00e9l\u00e9gation r\u00e9gionale de l&rsquo;IRD en \u00cele de France. C&rsquo;\u00e9tait dans le cadre du [&hellip;]\" \/>\n<meta property=\"og:url\" content=\"https:\/\/cofab-in-bondy.fr\/?page_id=5237\" \/>\n<meta property=\"og:site_name\" content=\"Co-Fab in Bondy\" \/>\n<meta property=\"article:modified_time\" content=\"2021-04-21T14:52:46+00:00\" \/>\n<meta property=\"og:image\" content=\"http:\/\/cofab-in-bondy.fr\/wp-content\/uploads\/2021\/03\/Logo_Campus-de-linnovation-1-1024x384.png\" \/>\n<meta name=\"twitter:card\" content=\"summary_large_image\" \/>\n<meta name=\"twitter:label1\" content=\"Dur\u00e9e de lecture est.\">\n\t<meta name=\"twitter:data1\" content=\"3 minutes\">\n<script type=\"application\/ld+json\" class=\"yoast-schema-graph\">{\"@context\":\"https:\/\/schema.org\",\"@graph\":[{\"@type\":\"Organization\",\"@id\":\"https:\/\/cofab-in-bondy.fr\/#organization\",\"name\":\"cofab-in-bondy\",\"url\":\"https:\/\/cofab-in-bondy.fr\/\",\"sameAs\":[],\"logo\":{\"@type\":\"ImageObject\",\"@id\":\"https:\/\/cofab-in-bondy.fr\/#logo\",\"inLanguage\":\"fr-FR\",\"url\":\"https:\/\/cofab-in-bondy.fr\/wp-content\/uploads\/2021\/01\/co-Fab_short.png\",\"width\":90,\"height\":43,\"caption\":\"cofab-in-bondy\"},\"image\":{\"@id\":\"https:\/\/cofab-in-bondy.fr\/#logo\"}},{\"@type\":\"WebSite\",\"@id\":\"https:\/\/cofab-in-bondy.fr\/#website\",\"url\":\"https:\/\/cofab-in-bondy.fr\/\",\"name\":\"CoFab-in-Bondy\",\"description\":\"Le fablab made in Bondy !\",\"publisher\":{\"@id\":\"https:\/\/cofab-in-bondy.fr\/#organization\"},\"potentialAction\":[{\"@type\":\"SearchAction\",\"target\":\"https:\/\/cofab-in-bondy.fr\/?s={search_term_string}\",\"query-input\":\"required name=search_term_string\"}],\"inLanguage\":\"fr-FR\"},{\"@type\":\"ImageObject\",\"@id\":\"https:\/\/cofab-in-bondy.fr\/?page_id=5237#primaryimage\",\"inLanguage\":\"fr-FR\",\"url\":\"http:\/\/cofab-in-bondy.fr\/wp-content\/uploads\/2021\/03\/Logo_Campus-de-linnovation-1-1024x384.png\"},{\"@type\":\"WebPage\",\"@id\":\"https:\/\/cofab-in-bondy.fr\/?page_id=5237#webpage\",\"url\":\"https:\/\/cofab-in-bondy.fr\/?page_id=5237\",\"name\":\"Notre histoire - Co-Fab in Bondy\",\"isPartOf\":{\"@id\":\"https:\/\/cofab-in-bondy.fr\/#website\"},\"primaryImageOfPage\":{\"@id\":\"https:\/\/cofab-in-bondy.fr\/?page_id=5237#primaryimage\"},\"datePublished\":\"2021-02-16T08:49:05+00:00\",\"dateModified\":\"2021-04-21T14:52:46+00:00\",\"breadcrumb\":{\"@id\":\"https:\/\/cofab-in-bondy.fr\/?page_id=5237#breadcrumb\"},\"inLanguage\":\"fr-FR\",\"potentialAction\":[{\"@type\":\"ReadAction\",\"target\":[\"https:\/\/cofab-in-bondy.fr\/?page_id=5237\"]}]},{\"@type\":\"BreadcrumbList\",\"@id\":\"https:\/\/cofab-in-bondy.fr\/?page_id=5237#breadcrumb\",\"itemListElement\":[{\"@type\":\"ListItem\",\"position\":1,\"item\":{\"@type\":\"WebPage\",\"@id\":\"https:\/\/cofab-in-bondy.fr\/\",\"url\":\"https:\/\/cofab-in-bondy.fr\/\",\"name\":\"Accueil\"}},{\"@type\":\"ListItem\",\"position\":2,\"item\":{\"@type\":\"WebPage\",\"@id\":\"https:\/\/cofab-in-bondy.fr\/?page_id=5237\",\"url\":\"https:\/\/cofab-in-bondy.fr\/?page_id=5237\",\"name\":\"Notre histoire\"}}]}]}<\/script>\n<!-- \/ Yoast SEO plugin. -->","_links":{"self":[{"href":"https:\/\/cofab-in-bondy.fr\/index.php?rest_route=\/wp\/v2\/pages\/5237"}],"collection":[{"href":"https:\/\/cofab-in-bondy.fr\/index.php?rest_route=\/wp\/v2\/pages"}],"about":[{"href":"https:\/\/cofab-in-bondy.fr\/index.php?rest_route=\/wp\/v2\/types\/page"}],"author":[{"embeddable":true,"href":"https:\/\/cofab-in-bondy.fr\/index.php?rest_route=\/wp\/v2\/users\/2"}],"replies":[{"embeddable":true,"href":"https:\/\/cofab-in-bondy.fr\/index.php?rest_route=%2Fwp%2Fv2%2Fcomments&post=5237"}],"version-history":[{"count":19,"href":"https:\/\/cofab-in-bondy.fr\/index.php?rest_route=\/wp\/v2\/pages\/5237\/revisions"}],"predecessor-version":[{"id":6099,"href":"https:\/\/cofab-in-bondy.fr\/index.php?rest_route=\/wp\/v2\/pages\/5237\/revisions\/6099"}],"wp:attachment":[{"href":"https:\/\/cofab-in-bondy.fr\/index.php?rest_route=%2Fwp%2Fv2%2Fmedia&parent=5237"}],"curies":[{"name":"wp","href":"https:\/\/api.w.org\/{rel}","templated":true}]}}