{"id":5234,"date":"2021-02-16T09:47:04","date_gmt":"2021-02-16T08:47:04","guid":{"rendered":"http:\/\/cofab-in-bondy.fr\/?page_id=5234"},"modified":"2021-03-23T11:08:06","modified_gmt":"2021-03-23T10:08:06","slug":"presentation-fablab","status":"publish","type":"page","link":"https:\/\/cofab-in-bondy.fr\/?page_id=5234","title":{"rendered":"Pr\u00e9sentation du fablab"},"content":{"rendered":"\n<p>Bienvenue au <strong>Cofab in Bondy<\/strong>, le fablab made in Bondy !<\/p>\n\n\n\n<p>Il s&rsquo;agit d&rsquo;un fablab qui a ouvert ses portes en 2018 sur le site de l&rsquo;IRD \u00e0 Bondy. Il est pour l&rsquo;instant ouvert \u00e0 tou\u00b7te\u00b7s les agent\u00b7e\u00b7s IRD, les personnels travaillant sur le campus de Bondy et leurs partenaires.<\/p>\n\n\n\n<figure class=\"wp-block-image size-large\"><img loading=\"lazy\" width=\"1024\" height=\"384\" src=\"http:\/\/cofab-in-bondy.fr\/wp-content\/uploads\/2021\/01\/De\u0301le\u0301gation-re\u0301gionale-IdF-1024x384.png\" alt=\"\" class=\"wp-image-4729\" srcset=\"https:\/\/cofab-in-bondy.fr\/wp-content\/uploads\/2021\/01\/De\u0301le\u0301gation-re\u0301gionale-IdF-1024x384.png 1024w, https:\/\/cofab-in-bondy.fr\/wp-content\/uploads\/2021\/01\/De\u0301le\u0301gation-re\u0301gionale-IdF-300x112.png 300w, https:\/\/cofab-in-bondy.fr\/wp-content\/uploads\/2021\/01\/De\u0301le\u0301gation-re\u0301gionale-IdF-768x288.png 768w, https:\/\/cofab-in-bondy.fr\/wp-content\/uploads\/2021\/01\/De\u0301le\u0301gation-re\u0301gionale-IdF-1536x576.png 1536w, https:\/\/cofab-in-bondy.fr\/wp-content\/uploads\/2021\/01\/De\u0301le\u0301gation-re\u0301gionale-IdF.png 1908w\" sizes=\"(max-width: 1024px) 100vw, 1024px\" \/><\/figure>\n\n\n\n<p>Un fablab est un laboratoire collaboratif utilisant des technologies low-cost pour le prototypage et la fabrication d\u2019objets physiques. Implant\u00e9 sur le Campus de l&rsquo;innovation \u00e0 Bondy, c&rsquo;est un espace d\u2019un nouveau genre, ouvert \u00e0 toute la communaut\u00e9 scientifique et qui vise \u00e0 favoriser le partage, la mise en lien de comp\u00e9tences diverses et le prototypage de dispositifs exp\u00e9rimentaux, voire leur valorisation.<\/p>\n\n\n\n<p>Acc\u00e9der au site internet de l&rsquo;IRD ? <br><a href=\"https:\/\/ile-de-france.ird.fr\/\" target=\"_blank\" rel=\"noreferrer noopener\">https:\/\/ile-de-france.ird.fr\/<\/a><\/p>\n\n\n\n<p>Acc\u00e9der \u00e0 la page du campus de l&rsquo;innovation ?<br><a href=\"https:\/\/www.ird.fr\/ile-de-france\/campus-de-linnovation\" target=\"_blank\" rel=\"noreferrer noopener\">https:\/\/www.ird.fr\/ile-de-france\/campus-de-linnovation<\/a><\/p>\n","protected":false},"excerpt":{"rendered":"<p>Bienvenue au Cofab in Bondy, le fablab made in Bondy ! Il s&rsquo;agit d&rsquo;un fablab qui a ouvert ses portes en 2018 sur le site de l&rsquo;IRD \u00e0 Bondy. Il [&hellip;]<\/p>\n","protected":false},"author":8,"featured_media":0,"parent":0,"menu_order":0,"comment_status":"closed","ping_status":"closed","template":"","meta":[],"yoast_head":"<!-- This site is optimized with the Yoast SEO plugin v16.0.2 - https:\/\/yoast.com\/wordpress\/plugins\/seo\/ -->\n<title>Pr\u00e9sentation du fablab - Co-Fab in Bondy<\/title>\n<meta name=\"robots\" content=\"index, follow, max-snippet:-1, max-image-preview:large, max-video-preview:-1\" \/>\n<link rel=\"canonical\" href=\"https:\/\/cofab-in-bondy.fr\/?page_id=5234\" \/>\n<meta property=\"og:locale\" content=\"fr_FR\" \/>\n<meta property=\"og:type\" content=\"article\" \/>\n<meta property=\"og:title\" content=\"Pr\u00e9sentation du fablab - Co-Fab in Bondy\" \/>\n<meta property=\"og:description\" content=\"Bienvenue au Cofab in Bondy, le fablab made in Bondy ! Il s&rsquo;agit d&rsquo;un fablab qui a ouvert ses portes en 2018 sur le site de l&rsquo;IRD \u00e0 Bondy. Il [&hellip;]\" \/>\n<meta property=\"og:url\" content=\"https:\/\/cofab-in-bondy.fr\/?page_id=5234\" \/>\n<meta property=\"og:site_name\" content=\"Co-Fab in Bondy\" \/>\n<meta property=\"article:modified_time\" content=\"2021-03-23T10:08:06+00:00\" \/>\n<meta property=\"og:image\" content=\"http:\/\/cofab-in-bondy.fr\/wp-content\/uploads\/2021\/01\/De\u0301le\u0301gation-re\u0301gionale-IdF-1024x384.png\" \/>\n<meta name=\"twitter:card\" content=\"summary_large_image\" \/>\n<meta name=\"twitter:label1\" content=\"Dur\u00e9e de lecture est.\">\n\t<meta name=\"twitter:data1\" content=\"1 minute\">\n<script type=\"application\/ld+json\" class=\"yoast-schema-graph\">{\"@context\":\"https:\/\/schema.org\",\"@graph\":[{\"@type\":\"Organization\",\"@id\":\"https:\/\/cofab-in-bondy.fr\/#organization\",\"name\":\"cofab-in-bondy\",\"url\":\"https:\/\/cofab-in-bondy.fr\/\",\"sameAs\":[],\"logo\":{\"@type\":\"ImageObject\",\"@id\":\"https:\/\/cofab-in-bondy.fr\/#logo\",\"inLanguage\":\"fr-FR\",\"url\":\"https:\/\/cofab-in-bondy.fr\/wp-content\/uploads\/2021\/01\/co-Fab_short.png\",\"width\":90,\"height\":43,\"caption\":\"cofab-in-bondy\"},\"image\":{\"@id\":\"https:\/\/cofab-in-bondy.fr\/#logo\"}},{\"@type\":\"WebSite\",\"@id\":\"https:\/\/cofab-in-bondy.fr\/#website\",\"url\":\"https:\/\/cofab-in-bondy.fr\/\",\"name\":\"CoFab-in-Bondy\",\"description\":\"Le fablab made in Bondy !\",\"publisher\":{\"@id\":\"https:\/\/cofab-in-bondy.fr\/#organization\"},\"potentialAction\":[{\"@type\":\"SearchAction\",\"target\":\"https:\/\/cofab-in-bondy.fr\/?s={search_term_string}\",\"query-input\":\"required name=search_term_string\"}],\"inLanguage\":\"fr-FR\"},{\"@type\":\"ImageObject\",\"@id\":\"https:\/\/cofab-in-bondy.fr\/?page_id=5234#primaryimage\",\"inLanguage\":\"fr-FR\",\"url\":\"http:\/\/cofab-in-bondy.fr\/wp-content\/uploads\/2021\/01\/De\\u0301le\\u0301gation-re\\u0301gionale-IdF-1024x384.png\"},{\"@type\":\"WebPage\",\"@id\":\"https:\/\/cofab-in-bondy.fr\/?page_id=5234#webpage\",\"url\":\"https:\/\/cofab-in-bondy.fr\/?page_id=5234\",\"name\":\"Pr\\u00e9sentation du fablab - Co-Fab in Bondy\",\"isPartOf\":{\"@id\":\"https:\/\/cofab-in-bondy.fr\/#website\"},\"primaryImageOfPage\":{\"@id\":\"https:\/\/cofab-in-bondy.fr\/?page_id=5234#primaryimage\"},\"datePublished\":\"2021-02-16T08:47:04+00:00\",\"dateModified\":\"2021-03-23T10:08:06+00:00\",\"breadcrumb\":{\"@id\":\"https:\/\/cofab-in-bondy.fr\/?page_id=5234#breadcrumb\"},\"inLanguage\":\"fr-FR\",\"potentialAction\":[{\"@type\":\"ReadAction\",\"target\":[\"https:\/\/cofab-in-bondy.fr\/?page_id=5234\"]}]},{\"@type\":\"BreadcrumbList\",\"@id\":\"https:\/\/cofab-in-bondy.fr\/?page_id=5234#breadcrumb\",\"itemListElement\":[{\"@type\":\"ListItem\",\"position\":1,\"item\":{\"@type\":\"WebPage\",\"@id\":\"https:\/\/cofab-in-bondy.fr\/\",\"url\":\"https:\/\/cofab-in-bondy.fr\/\",\"name\":\"Accueil\"}},{\"@type\":\"ListItem\",\"position\":2,\"item\":{\"@type\":\"WebPage\",\"@id\":\"https:\/\/cofab-in-bondy.fr\/?page_id=5234\",\"url\":\"https:\/\/cofab-in-bondy.fr\/?page_id=5234\",\"name\":\"Pr\\u00e9sentation du fablab\"}}]}]}<\/script>\n<!-- \/ Yoast SEO plugin. -->","_links":{"self":[{"href":"https:\/\/cofab-in-bondy.fr\/index.php?rest_route=\/wp\/v2\/pages\/5234"}],"collection":[{"href":"https:\/\/cofab-in-bondy.fr\/index.php?rest_route=\/wp\/v2\/pages"}],"about":[{"href":"https:\/\/cofab-in-bondy.fr\/index.php?rest_route=\/wp\/v2\/types\/page"}],"author":[{"embeddable":true,"href":"https:\/\/cofab-in-bondy.fr\/index.php?rest_route=\/wp\/v2\/users\/8"}],"replies":[{"embeddable":true,"href":"https:\/\/cofab-in-bondy.fr\/index.php?rest_route=%2Fwp%2Fv2%2Fcomments&post=5234"}],"version-history":[{"count":14,"href":"https:\/\/cofab-in-bondy.fr\/index.php?rest_route=\/wp\/v2\/pages\/5234\/revisions"}],"predecessor-version":[{"id":5927,"href":"https:\/\/cofab-in-bondy.fr\/index.php?rest_route=\/wp\/v2\/pages\/5234\/revisions\/5927"}],"wp:attachment":[{"href":"https:\/\/cofab-in-bondy.fr\/index.php?rest_route=%2Fwp%2Fv2%2Fmedia&parent=5234"}],"curies":[{"name":"wp","href":"https:\/\/api.w.org\/{rel}","templated":true}]}}