{"id":5161,"date":"2021-02-03T11:33:06","date_gmt":"2021-02-03T10:33:06","guid":{"rendered":"http:\/\/cofab-in-bondy.fr\/?page_id=5161"},"modified":"2021-07-26T08:13:43","modified_gmt":"2021-07-26T06:13:43","slug":"qameleo","status":"publish","type":"page","link":"https:\/\/cofab-in-bondy.fr\/?page_id=5161","title":{"rendered":"La station QameleO"},"content":{"rendered":"\n<p><em>\u00ab\u00a0La recherche scientifique au service de la qualit\u00e9 de l&rsquo;air que vous respirez !\u00a0\u00bb<\/em><\/p>\n\n\n\n<figure class=\"wp-block-image size-large\"><img loading=\"lazy\" width=\"1024\" height=\"661\" src=\"http:\/\/cofab-in-bondy.fr\/wp-content\/uploads\/2021\/05\/qameleo_COUL-1024x661.png\" alt=\"\" class=\"wp-image-6140\" srcset=\"https:\/\/cofab-in-bondy.fr\/wp-content\/uploads\/2021\/05\/qameleo_COUL-1024x661.png 1024w, https:\/\/cofab-in-bondy.fr\/wp-content\/uploads\/2021\/05\/qameleo_COUL-300x194.png 300w, https:\/\/cofab-in-bondy.fr\/wp-content\/uploads\/2021\/05\/qameleo_COUL-768x496.png 768w, https:\/\/cofab-in-bondy.fr\/wp-content\/uploads\/2021\/05\/qameleo_COUL-1536x992.png 1536w, https:\/\/cofab-in-bondy.fr\/wp-content\/uploads\/2021\/05\/qameleo_COUL.png 1821w\" sizes=\"(max-width: 1024px) 100vw, 1024px\" \/><\/figure>\n\n\n\n<p>Il s\u2019agit d\u2019une <strong>station de mesures environnementales<\/strong> d\u00e9velopp\u00e9e en 2018 par deux \u00e9quipes de recherches \u00e0 l\u2019Universit\u00e9 de Bourgogne \u00e0 Dijon (Nad\u00e8ge MARTINY, UMR CNRS 6282 BIOGEOSCIENCES) et \u00e0 l\u2019Institut de Recherches pour le D\u00e9veloppement \u00e0 Bondy (Nicolas MARILLEAU, UMI 209 UMMISCO). <\/p>\n\n\n\n<p>QameleO mesure la <strong>qualit\u00e9 de l\u2019air<\/strong> et plus pr\u00e9cis\u00e9ment les concentrations en particules fines (particules de diam\u00e8tre inf\u00e9rieur \u00e0 10 et 2.5 microns) et ultrafines (particules de diam\u00e8tre inf\u00e9rieur \u00e0 1 micron).<\/p>\n\n\n\n<p>Pour lire l&rsquo;infographie mise au point par ses cr\u00e9ateurs, c&rsquo;est ici :<\/p>\n\n\n\n<div class=\"wp-block-file\"><a href=\"http:\/\/cofab-in-bondy.fr\/wp-content\/uploads\/2021\/02\/Flyer_Qameleo.pdf\"><strong><span class=\"has-inline-color has-vivid-red-color\">Flyer_Qameleo<\/span><\/strong><\/a><a href=\"http:\/\/cofab-in-bondy.fr\/wp-content\/uploads\/2021\/02\/Flyer_Qameleo.pdf\" class=\"wp-block-file__button\" download>T\u00e9l\u00e9charger<\/a><\/div>\n\n\n\n<p>Plusieurs r\u00e9seaux de ces capteurs sont d\u00e9j\u00e0 install\u00e9s, \u00e0 Dijon et \u00e0 Dakar notamment, tandis que d&rsquo;autres sont en train de se d\u00e9velopper en ce moment m\u00eame, \u00e0 Cotonou, \u00e0 Bondy et \u00e0 Ivry sur Seine par exemple  !<\/p>\n\n\n\n<figure class=\"wp-block-image size-large\"><img loading=\"lazy\" width=\"1024\" height=\"683\" src=\"http:\/\/cofab-in-bondy.fr\/wp-content\/uploads\/2021\/02\/POPSU_capteur1-1024x683-1.jpg\" alt=\"\" class=\"wp-image-5224\" srcset=\"https:\/\/cofab-in-bondy.fr\/wp-content\/uploads\/2021\/02\/POPSU_capteur1-1024x683-1.jpg 1024w, https:\/\/cofab-in-bondy.fr\/wp-content\/uploads\/2021\/02\/POPSU_capteur1-1024x683-1-300x200.jpg 300w, https:\/\/cofab-in-bondy.fr\/wp-content\/uploads\/2021\/02\/POPSU_capteur1-1024x683-1-768x512.jpg 768w\" sizes=\"(max-width: 1024px) 100vw, 1024px\" \/><figcaption>1ere station QameleO pos\u00e9e \u00e0 Dijon, bient\u00f4t les m\u00eames seront pos\u00e9es \u00e0 Bondy !<\/figcaption><\/figure>\n\n\n\n<figure class=\"wp-block-image size-large\"><img loading=\"lazy\" width=\"724\" height=\"1024\" src=\"http:\/\/cofab-in-bondy.fr\/wp-content\/uploads\/2021\/05\/Carte_mentale_QameleO-724x1024.jpg\" alt=\"\" class=\"wp-image-6142\" srcset=\"https:\/\/cofab-in-bondy.fr\/wp-content\/uploads\/2021\/05\/Carte_mentale_QameleO-724x1024.jpg 724w, https:\/\/cofab-in-bondy.fr\/wp-content\/uploads\/2021\/05\/Carte_mentale_QameleO-212x300.jpg 212w, https:\/\/cofab-in-bondy.fr\/wp-content\/uploads\/2021\/05\/Carte_mentale_QameleO-768x1086.jpg 768w, https:\/\/cofab-in-bondy.fr\/wp-content\/uploads\/2021\/05\/Carte_mentale_QameleO-1086x1536.jpg 1086w, https:\/\/cofab-in-bondy.fr\/wp-content\/uploads\/2021\/05\/Carte_mentale_QameleO.jpg 1414w\" sizes=\"(max-width: 724px) 100vw, 724px\" \/><figcaption>Principe de fonctionnement de la station de mesures, avec ses diff\u00e9rentes entit\u00e9s<\/figcaption><\/figure>\n\n\n\n<p><strong>Quelques liens int\u00e9ressants :<\/strong><\/p>\n\n\n\n<p>Pour observer les r\u00e9sultats des stations en temps r\u00e9el : <a href=\"http:\/\/www.ummisco.fr\/website\/qameleo\">http:\/\/www.ummisco.fr\/website\/qameleo<\/a><\/p>\n\n\n\n<p>Pour lire l&rsquo;article r\u00e9dig\u00e9 lors du d\u00e9but du projet \u00ab\u00a0QameleO in Bondy\u00a0\u00bb : <a href=\"https:\/\/cofab-in-bondy.fr\/?p=5775\">https:\/\/cofab-in-bondy.fr\/?p=5775<\/a><\/p>\n\n\n\n<p>Pour retrouver une pr\u00e9sentation de l&rsquo;installation de la premi\u00e8re station de mesures \u00e0 Dijon, sur le site de nos coll\u00e8gues de l&rsquo;universit\u00e9 de Bourgogne Franche Comt\u00e9 \/ Biog\u00e9osciences \/ CRC : <a href=\"https:\/\/climatologie.u-bourgogne.fr\/96-breaking-news\/518-inauguration-du-capteur-qameleo.html\">https:\/\/climatologie.u-bourgogne.fr\/96-breaking-news\/518-inauguration-du-capteur-qameleo.html<\/a><\/p>\n\n\n\n<p>Pour trouver tous les <span class=\"has-inline-color has-vivid-green-cyan-color\">fichiers utiles \u00e0 l&rsquo;assemblage<\/span> de ces stations de mesures : <a href=\"https:\/\/github.com\/CoFab-in-Bondy\/QameleO\">https:\/\/github.com\/CoFab-in-Bondy\/QameleO<\/a><\/p>\n","protected":false},"excerpt":{"rendered":"<p>\u00ab\u00a0La recherche scientifique au service de la qualit\u00e9 de l&rsquo;air que vous respirez !\u00a0\u00bb Il s\u2019agit d\u2019une station de mesures environnementales d\u00e9velopp\u00e9e en 2018 par deux \u00e9quipes de recherches \u00e0 [&hellip;]<\/p>\n","protected":false},"author":2,"featured_media":0,"parent":0,"menu_order":0,"comment_status":"closed","ping_status":"closed","template":"","meta":[],"yoast_head":"<!-- This site is optimized with the Yoast SEO plugin v16.0.2 - https:\/\/yoast.com\/wordpress\/plugins\/seo\/ -->\n<title>La station QameleO - Co-Fab in Bondy<\/title>\n<meta name=\"robots\" content=\"index, follow, max-snippet:-1, max-image-preview:large, max-video-preview:-1\" \/>\n<link rel=\"canonical\" href=\"http:\/\/cofab-in-bondy.fr\/?page_id=5161\" \/>\n<meta property=\"og:locale\" content=\"fr_FR\" \/>\n<meta property=\"og:type\" content=\"article\" \/>\n<meta property=\"og:title\" content=\"La station QameleO - Co-Fab in Bondy\" \/>\n<meta property=\"og:description\" content=\"\u00ab\u00a0La recherche scientifique au service de la qualit\u00e9 de l&rsquo;air que vous respirez !\u00a0\u00bb Il s\u2019agit d\u2019une station de mesures environnementales d\u00e9velopp\u00e9e en 2018 par deux \u00e9quipes de recherches \u00e0 [&hellip;]\" \/>\n<meta property=\"og:url\" content=\"http:\/\/cofab-in-bondy.fr\/?page_id=5161\" \/>\n<meta property=\"og:site_name\" content=\"Co-Fab in Bondy\" \/>\n<meta property=\"article:modified_time\" content=\"2021-07-26T06:13:43+00:00\" \/>\n<meta property=\"og:image\" content=\"http:\/\/cofab-in-bondy.fr\/wp-content\/uploads\/2021\/05\/qameleo_COUL-1024x661.png\" \/>\n<meta name=\"twitter:card\" content=\"summary_large_image\" \/>\n<meta name=\"twitter:label1\" content=\"Dur\u00e9e de lecture est.\">\n\t<meta name=\"twitter:data1\" content=\"2 minutes\">\n<script type=\"application\/ld+json\" class=\"yoast-schema-graph\">{\"@context\":\"https:\/\/schema.org\",\"@graph\":[{\"@type\":\"Organization\",\"@id\":\"https:\/\/cofab-in-bondy.fr\/#organization\",\"name\":\"cofab-in-bondy\",\"url\":\"https:\/\/cofab-in-bondy.fr\/\",\"sameAs\":[],\"logo\":{\"@type\":\"ImageObject\",\"@id\":\"https:\/\/cofab-in-bondy.fr\/#logo\",\"inLanguage\":\"fr-FR\",\"url\":\"https:\/\/cofab-in-bondy.fr\/wp-content\/uploads\/2021\/01\/co-Fab_short.png\",\"width\":90,\"height\":43,\"caption\":\"cofab-in-bondy\"},\"image\":{\"@id\":\"https:\/\/cofab-in-bondy.fr\/#logo\"}},{\"@type\":\"WebSite\",\"@id\":\"https:\/\/cofab-in-bondy.fr\/#website\",\"url\":\"https:\/\/cofab-in-bondy.fr\/\",\"name\":\"CoFab-in-Bondy\",\"description\":\"Le fablab made in Bondy !\",\"publisher\":{\"@id\":\"https:\/\/cofab-in-bondy.fr\/#organization\"},\"potentialAction\":[{\"@type\":\"SearchAction\",\"target\":\"https:\/\/cofab-in-bondy.fr\/?s={search_term_string}\",\"query-input\":\"required name=search_term_string\"}],\"inLanguage\":\"fr-FR\"},{\"@type\":\"ImageObject\",\"@id\":\"http:\/\/cofab-in-bondy.fr\/?page_id=5161#primaryimage\",\"inLanguage\":\"fr-FR\",\"url\":\"http:\/\/cofab-in-bondy.fr\/wp-content\/uploads\/2021\/05\/qameleo_COUL-1024x661.png\"},{\"@type\":\"WebPage\",\"@id\":\"http:\/\/cofab-in-bondy.fr\/?page_id=5161#webpage\",\"url\":\"http:\/\/cofab-in-bondy.fr\/?page_id=5161\",\"name\":\"La station QameleO - Co-Fab in Bondy\",\"isPartOf\":{\"@id\":\"https:\/\/cofab-in-bondy.fr\/#website\"},\"primaryImageOfPage\":{\"@id\":\"http:\/\/cofab-in-bondy.fr\/?page_id=5161#primaryimage\"},\"datePublished\":\"2021-02-03T10:33:06+00:00\",\"dateModified\":\"2021-07-26T06:13:43+00:00\",\"breadcrumb\":{\"@id\":\"http:\/\/cofab-in-bondy.fr\/?page_id=5161#breadcrumb\"},\"inLanguage\":\"fr-FR\",\"potentialAction\":[{\"@type\":\"ReadAction\",\"target\":[\"http:\/\/cofab-in-bondy.fr\/?page_id=5161\"]}]},{\"@type\":\"BreadcrumbList\",\"@id\":\"http:\/\/cofab-in-bondy.fr\/?page_id=5161#breadcrumb\",\"itemListElement\":[{\"@type\":\"ListItem\",\"position\":1,\"item\":{\"@type\":\"WebPage\",\"@id\":\"https:\/\/cofab-in-bondy.fr\/\",\"url\":\"https:\/\/cofab-in-bondy.fr\/\",\"name\":\"Accueil\"}},{\"@type\":\"ListItem\",\"position\":2,\"item\":{\"@type\":\"WebPage\",\"@id\":\"http:\/\/cofab-in-bondy.fr\/?page_id=5161\",\"url\":\"http:\/\/cofab-in-bondy.fr\/?page_id=5161\",\"name\":\"La station QameleO\"}}]}]}<\/script>\n<!-- \/ Yoast SEO plugin. -->","_links":{"self":[{"href":"https:\/\/cofab-in-bondy.fr\/index.php?rest_route=\/wp\/v2\/pages\/5161"}],"collection":[{"href":"https:\/\/cofab-in-bondy.fr\/index.php?rest_route=\/wp\/v2\/pages"}],"about":[{"href":"https:\/\/cofab-in-bondy.fr\/index.php?rest_route=\/wp\/v2\/types\/page"}],"author":[{"embeddable":true,"href":"https:\/\/cofab-in-bondy.fr\/index.php?rest_route=\/wp\/v2\/users\/2"}],"replies":[{"embeddable":true,"href":"https:\/\/cofab-in-bondy.fr\/index.php?rest_route=%2Fwp%2Fv2%2Fcomments&post=5161"}],"version-history":[{"count":13,"href":"https:\/\/cofab-in-bondy.fr\/index.php?rest_route=\/wp\/v2\/pages\/5161\/revisions"}],"predecessor-version":[{"id":6190,"href":"https:\/\/cofab-in-bondy.fr\/index.php?rest_route=\/wp\/v2\/pages\/5161\/revisions\/6190"}],"wp:attachment":[{"href":"https:\/\/cofab-in-bondy.fr\/index.php?rest_route=%2Fwp%2Fv2%2Fmedia&parent=5161"}],"curies":[{"name":"wp","href":"https:\/\/api.w.org\/{rel}","templated":true}]}}