{"id":5159,"date":"2021-02-03T11:32:50","date_gmt":"2021-02-03T10:32:50","guid":{"rendered":"http:\/\/cofab-in-bondy.fr\/?page_id=5159"},"modified":"2021-05-17T14:50:01","modified_gmt":"2021-05-17T12:50:01","slug":"projets","status":"publish","type":"page","link":"https:\/\/cofab-in-bondy.fr\/?page_id=5159","title":{"rendered":"Projets de recherche scientifique"},"content":{"rendered":"\n<p>La principale raison d&rsquo;\u00eatre du Cofab in Bondy est l&rsquo;appui \u00e0 la recherche scientifique de l&rsquo;IRD. Nous servons donc de tiers-lieu partag\u00e9 pour plusieurs laboratoires de recherche, des technicien\u00b7ne\u00b7s\/ing\u00e9nieur\u00b7e\u00b7s\/chercheur\u00b7se\u00b7s viennent ainsi nous voir pour construire des objets techniques dont iels ont besoin pour avancer dans leurs recherches.<\/p>\n\n\n\n<p>Retrouvez ici tous nos projets phares !<\/p>\n\n\n\n<figure class=\"wp-block-embed is-type-wp-embed is-provider-co-fab-in-bondy wp-block-embed-co-fab-in-bondy\"><div class=\"wp-block-embed__wrapper\">\n<blockquote class=\"wp-embedded-content\" data-secret=\"gX6J3oFC3E\"><a href=\"https:\/\/cofab-in-bondy.fr\/?page_id=5161\">La station QameleO<\/a><\/blockquote><iframe class=\"wp-embedded-content\" sandbox=\"allow-scripts\" security=\"restricted\" style=\"position: absolute; clip: rect(1px, 1px, 1px, 1px);\" title=\"\u00ab\u00a0La station QameleO\u00a0\u00bb &#8212; Co-Fab in Bondy\" src=\"https:\/\/cofab-in-bondy.fr\/?page_id=5161&#038;embed=true#?secret=gX6J3oFC3E\" data-secret=\"gX6J3oFC3E\" width=\"600\" height=\"338\" frameborder=\"0\" marginwidth=\"0\" marginheight=\"0\" scrolling=\"no\"><\/iframe>\n<\/div><\/figure>\n\n\n\n<figure class=\"wp-block-embed is-type-wp-embed is-provider-co-fab-in-bondy wp-block-embed-co-fab-in-bondy\"><div class=\"wp-block-embed__wrapper\">\n<blockquote class=\"wp-embedded-content\" data-secret=\"NvMGoMBDWo\"><a href=\"https:\/\/cofab-in-bondy.fr\/?p=6116\">Projet IPAUP<\/a><\/blockquote><iframe class=\"wp-embedded-content\" sandbox=\"allow-scripts\" security=\"restricted\" style=\"position: absolute; clip: rect(1px, 1px, 1px, 1px);\" title=\"\u00ab\u00a0Projet IPAUP\u00a0\u00bb &#8212; Co-Fab in Bondy\" src=\"https:\/\/cofab-in-bondy.fr\/?p=6116&#038;embed=true#?secret=NvMGoMBDWo\" data-secret=\"NvMGoMBDWo\" width=\"600\" height=\"338\" frameborder=\"0\" marginwidth=\"0\" marginheight=\"0\" scrolling=\"no\"><\/iframe>\n<\/div><\/figure>\n\n\n\n<figure class=\"wp-block-embed is-type-wp-embed is-provider-co-fab-in-bondy wp-block-embed-co-fab-in-bondy\"><div class=\"wp-block-embed__wrapper\">\n<blockquote class=\"wp-embedded-content\" data-secret=\"9lGwoZBQza\"><a href=\"https:\/\/cofab-in-bondy.fr\/?p=6128\">projet Hyprop et Ksat<\/a><\/blockquote><iframe class=\"wp-embedded-content\" sandbox=\"allow-scripts\" security=\"restricted\" style=\"position: absolute; clip: rect(1px, 1px, 1px, 1px);\" title=\"\u00ab\u00a0projet Hyprop et Ksat\u00a0\u00bb &#8212; Co-Fab in Bondy\" src=\"https:\/\/cofab-in-bondy.fr\/?p=6128&#038;embed=true#?secret=9lGwoZBQza\" data-secret=\"9lGwoZBQza\" width=\"600\" height=\"338\" frameborder=\"0\" marginwidth=\"0\" marginheight=\"0\" scrolling=\"no\"><\/iframe>\n<\/div><\/figure>\n","protected":false},"excerpt":{"rendered":"<p>La principale raison d&rsquo;\u00eatre du Cofab in Bondy est l&rsquo;appui \u00e0 la recherche scientifique de l&rsquo;IRD. Nous servons donc de tiers-lieu partag\u00e9 pour plusieurs laboratoires de recherche, des technicien\u00b7ne\u00b7s\/ing\u00e9nieur\u00b7e\u00b7s\/chercheur\u00b7se\u00b7s viennent [&hellip;]<\/p>\n","protected":false},"author":1,"featured_media":0,"parent":0,"menu_order":0,"comment_status":"closed","ping_status":"closed","template":"","meta":[],"yoast_head":"<!-- This site is optimized with the Yoast SEO plugin v16.0.2 - https:\/\/yoast.com\/wordpress\/plugins\/seo\/ -->\n<title>Projets de recherche scientifique - Co-Fab in Bondy<\/title>\n<meta name=\"robots\" content=\"index, follow, max-snippet:-1, max-image-preview:large, max-video-preview:-1\" \/>\n<link rel=\"canonical\" href=\"https:\/\/cofab-in-bondy.fr\/?page_id=5159\" \/>\n<meta property=\"og:locale\" content=\"fr_FR\" \/>\n<meta property=\"og:type\" content=\"article\" \/>\n<meta property=\"og:title\" content=\"Projets de recherche scientifique - Co-Fab in Bondy\" \/>\n<meta property=\"og:description\" content=\"La principale raison d&rsquo;\u00eatre du Cofab in Bondy est l&rsquo;appui \u00e0 la recherche scientifique de l&rsquo;IRD. Nous servons donc de tiers-lieu partag\u00e9 pour plusieurs laboratoires de recherche, des technicien\u00b7ne\u00b7s\/ing\u00e9nieur\u00b7e\u00b7s\/chercheur\u00b7se\u00b7s viennent [&hellip;]\" \/>\n<meta property=\"og:url\" content=\"https:\/\/cofab-in-bondy.fr\/?page_id=5159\" \/>\n<meta property=\"og:site_name\" content=\"Co-Fab in Bondy\" \/>\n<meta property=\"article:modified_time\" content=\"2021-05-17T12:50:01+00:00\" \/>\n<meta name=\"twitter:card\" content=\"summary_large_image\" \/>\n<meta name=\"twitter:label1\" content=\"Dur\u00e9e de lecture est.\">\n\t<meta name=\"twitter:data1\" content=\"1 minute\">\n<script type=\"application\/ld+json\" class=\"yoast-schema-graph\">{\"@context\":\"https:\/\/schema.org\",\"@graph\":[{\"@type\":\"Organization\",\"@id\":\"https:\/\/cofab-in-bondy.fr\/#organization\",\"name\":\"cofab-in-bondy\",\"url\":\"https:\/\/cofab-in-bondy.fr\/\",\"sameAs\":[],\"logo\":{\"@type\":\"ImageObject\",\"@id\":\"https:\/\/cofab-in-bondy.fr\/#logo\",\"inLanguage\":\"fr-FR\",\"url\":\"https:\/\/cofab-in-bondy.fr\/wp-content\/uploads\/2021\/01\/co-Fab_short.png\",\"width\":90,\"height\":43,\"caption\":\"cofab-in-bondy\"},\"image\":{\"@id\":\"https:\/\/cofab-in-bondy.fr\/#logo\"}},{\"@type\":\"WebSite\",\"@id\":\"https:\/\/cofab-in-bondy.fr\/#website\",\"url\":\"https:\/\/cofab-in-bondy.fr\/\",\"name\":\"CoFab-in-Bondy\",\"description\":\"Le fablab made in Bondy !\",\"publisher\":{\"@id\":\"https:\/\/cofab-in-bondy.fr\/#organization\"},\"potentialAction\":[{\"@type\":\"SearchAction\",\"target\":\"https:\/\/cofab-in-bondy.fr\/?s={search_term_string}\",\"query-input\":\"required name=search_term_string\"}],\"inLanguage\":\"fr-FR\"},{\"@type\":\"WebPage\",\"@id\":\"https:\/\/cofab-in-bondy.fr\/?page_id=5159#webpage\",\"url\":\"https:\/\/cofab-in-bondy.fr\/?page_id=5159\",\"name\":\"Projets de recherche scientifique - Co-Fab in Bondy\",\"isPartOf\":{\"@id\":\"https:\/\/cofab-in-bondy.fr\/#website\"},\"datePublished\":\"2021-02-03T10:32:50+00:00\",\"dateModified\":\"2021-05-17T12:50:01+00:00\",\"breadcrumb\":{\"@id\":\"https:\/\/cofab-in-bondy.fr\/?page_id=5159#breadcrumb\"},\"inLanguage\":\"fr-FR\",\"potentialAction\":[{\"@type\":\"ReadAction\",\"target\":[\"https:\/\/cofab-in-bondy.fr\/?page_id=5159\"]}]},{\"@type\":\"BreadcrumbList\",\"@id\":\"https:\/\/cofab-in-bondy.fr\/?page_id=5159#breadcrumb\",\"itemListElement\":[{\"@type\":\"ListItem\",\"position\":1,\"item\":{\"@type\":\"WebPage\",\"@id\":\"https:\/\/cofab-in-bondy.fr\/\",\"url\":\"https:\/\/cofab-in-bondy.fr\/\",\"name\":\"Accueil\"}},{\"@type\":\"ListItem\",\"position\":2,\"item\":{\"@type\":\"WebPage\",\"@id\":\"https:\/\/cofab-in-bondy.fr\/?page_id=5159\",\"url\":\"https:\/\/cofab-in-bondy.fr\/?page_id=5159\",\"name\":\"Projets de recherche scientifique\"}}]}]}<\/script>\n<!-- \/ Yoast SEO plugin. -->","_links":{"self":[{"href":"https:\/\/cofab-in-bondy.fr\/index.php?rest_route=\/wp\/v2\/pages\/5159"}],"collection":[{"href":"https:\/\/cofab-in-bondy.fr\/index.php?rest_route=\/wp\/v2\/pages"}],"about":[{"href":"https:\/\/cofab-in-bondy.fr\/index.php?rest_route=\/wp\/v2\/types\/page"}],"author":[{"embeddable":true,"href":"https:\/\/cofab-in-bondy.fr\/index.php?rest_route=\/wp\/v2\/users\/1"}],"replies":[{"embeddable":true,"href":"https:\/\/cofab-in-bondy.fr\/index.php?rest_route=%2Fwp%2Fv2%2Fcomments&post=5159"}],"version-history":[{"count":8,"href":"https:\/\/cofab-in-bondy.fr\/index.php?rest_route=\/wp\/v2\/pages\/5159\/revisions"}],"predecessor-version":[{"id":6174,"href":"https:\/\/cofab-in-bondy.fr\/index.php?rest_route=\/wp\/v2\/pages\/5159\/revisions\/6174"}],"wp:attachment":[{"href":"https:\/\/cofab-in-bondy.fr\/index.php?rest_route=%2Fwp%2Fv2%2Fmedia&parent=5159"}],"curies":[{"name":"wp","href":"https:\/\/api.w.org\/{rel}","templated":true}]}}