{"id":5155,"date":"2021-02-03T11:32:24","date_gmt":"2021-02-03T10:32:24","guid":{"rendered":"http:\/\/cofab-in-bondy.fr\/?page_id=5155"},"modified":"2021-03-24T20:28:54","modified_gmt":"2021-03-24T19:28:54","slug":"agenda","status":"publish","type":"page","link":"https:\/\/cofab-in-bondy.fr\/?page_id=5155","title":{"rendered":"Agenda"},"content":{"rendered":"\n<p>Retrouvez ici  les dates et heures de tous nos projets et \u00e9v\u00e9nements pass\u00e9s, en cours ou \u00e0 venir !<\/p>\n\n\n\n<figure class=\"wp-block-embed is-type-wp-embed is-provider-co-fab-in-bondy wp-block-embed-co-fab-in-bondy\"><div class=\"wp-block-embed__wrapper\">\n<blockquote class=\"wp-embedded-content\" data-secret=\"yGfbPJyJsf\"><a href=\"http:\/\/cofab-in-bondy.fr\/?p=5785\">Des visi\u00e8res m\u00e9dicales<\/a><\/blockquote><iframe class=\"wp-embedded-content\" sandbox=\"allow-scripts\" security=\"restricted\" style=\"position: absolute; clip: rect(1px, 1px, 1px, 1px);\" title=\"\u00ab\u00a0Des visi\u00e8res m\u00e9dicales\u00a0\u00bb &#8212; Co-Fab in Bondy\" src=\"http:\/\/cofab-in-bondy.fr\/?p=5785&#038;embed=true#?secret=yGfbPJyJsf\" data-secret=\"yGfbPJyJsf\" width=\"600\" height=\"338\" frameborder=\"0\" marginwidth=\"0\" marginheight=\"0\" scrolling=\"no\"><\/iframe>\n<\/div><\/figure>\n\n\n\n<figure class=\"wp-block-embed is-type-wp-embed is-provider-co-fab-in-bondy wp-block-embed-co-fab-in-bondy\"><div class=\"wp-block-embed__wrapper\">\n<blockquote class=\"wp-embedded-content\" data-secret=\"gm5fMhFENx\"><a href=\"http:\/\/cofab-in-bondy.fr\/?p=6016\">Journ\u00e9e qualit\u00e9 de l&#8217;air 2020<\/a><\/blockquote><iframe class=\"wp-embedded-content\" sandbox=\"allow-scripts\" security=\"restricted\" style=\"position: absolute; clip: rect(1px, 1px, 1px, 1px);\" title=\"\u00ab\u00a0Journ\u00e9e qualit\u00e9 de l&#8217;air 2020\u00a0\u00bb &#8212; Co-Fab in Bondy\" src=\"http:\/\/cofab-in-bondy.fr\/?p=6016&#038;embed=true#?secret=gm5fMhFENx\" data-secret=\"gm5fMhFENx\" width=\"600\" height=\"338\" frameborder=\"0\" marginwidth=\"0\" marginheight=\"0\" scrolling=\"no\"><\/iframe>\n<\/div><\/figure>\n\n\n\n<figure class=\"wp-block-embed is-type-wp-embed is-provider-co-fab-in-bondy wp-block-embed-co-fab-in-bondy\"><div class=\"wp-block-embed__wrapper\">\n<blockquote class=\"wp-embedded-content\" data-secret=\"mG3WjkTEGB\"><a href=\"http:\/\/cofab-in-bondy.fr\/?p=6025\">Projet : Des microcosmes \u00e0 vers de terre<\/a><\/blockquote><iframe class=\"wp-embedded-content\" sandbox=\"allow-scripts\" security=\"restricted\" style=\"position: absolute; clip: rect(1px, 1px, 1px, 1px);\" title=\"\u00ab\u00a0Projet : Des microcosmes \u00e0 vers de terre\u00a0\u00bb &#8212; Co-Fab in Bondy\" src=\"http:\/\/cofab-in-bondy.fr\/?p=6025&#038;embed=true#?secret=mG3WjkTEGB\" data-secret=\"mG3WjkTEGB\" width=\"600\" height=\"338\" frameborder=\"0\" marginwidth=\"0\" marginheight=\"0\" scrolling=\"no\"><\/iframe>\n<\/div><\/figure>\n\n\n\n<figure class=\"wp-block-embed is-type-wp-embed is-provider-co-fab-in-bondy wp-block-embed-co-fab-in-bondy\"><div class=\"wp-block-embed__wrapper\">\n<blockquote class=\"wp-embedded-content\" data-secret=\"zFJQVAOWXp\"><a href=\"http:\/\/cofab-in-bondy.fr\/?p=6045\">F\u00eate de la science 2020<\/a><\/blockquote><iframe class=\"wp-embedded-content\" sandbox=\"allow-scripts\" security=\"restricted\" style=\"position: absolute; clip: rect(1px, 1px, 1px, 1px);\" title=\"\u00ab\u00a0F\u00eate de la science 2020\u00a0\u00bb &#8212; Co-Fab in Bondy\" src=\"http:\/\/cofab-in-bondy.fr\/?p=6045&#038;embed=true#?secret=zFJQVAOWXp\" data-secret=\"zFJQVAOWXp\" width=\"600\" height=\"338\" frameborder=\"0\" marginwidth=\"0\" marginheight=\"0\" scrolling=\"no\"><\/iframe>\n<\/div><\/figure>\n\n\n\n<figure class=\"wp-block-embed is-type-wp-embed is-provider-co-fab-in-bondy wp-block-embed-co-fab-in-bondy\"><div class=\"wp-block-embed__wrapper\">\n<blockquote class=\"wp-embedded-content\" data-secret=\"FzjVxi5XKX\"><a href=\"http:\/\/cofab-in-bondy.fr\/?p=6032\">Semaine du go\u00fbt 2020<\/a><\/blockquote><iframe class=\"wp-embedded-content\" sandbox=\"allow-scripts\" security=\"restricted\" style=\"position: absolute; clip: rect(1px, 1px, 1px, 1px);\" title=\"\u00ab\u00a0Semaine du go\u00fbt 2020\u00a0\u00bb &#8212; Co-Fab in Bondy\" src=\"http:\/\/cofab-in-bondy.fr\/?p=6032&#038;embed=true#?secret=FzjVxi5XKX\" data-secret=\"FzjVxi5XKX\" width=\"600\" height=\"338\" frameborder=\"0\" marginwidth=\"0\" marginheight=\"0\" scrolling=\"no\"><\/iframe>\n<\/div><\/figure>\n\n\n\n<figure class=\"wp-block-embed is-type-wp-embed is-provider-co-fab-in-bondy wp-block-embed-co-fab-in-bondy\"><div class=\"wp-block-embed__wrapper\">\n<blockquote class=\"wp-embedded-content\" data-secret=\"i6SBu7mZau\"><a href=\"http:\/\/cofab-in-bondy.fr\/?p=6070\">Caf\u00e9 du Fab n\u00b01<\/a><\/blockquote><iframe class=\"wp-embedded-content\" sandbox=\"allow-scripts\" security=\"restricted\" style=\"position: absolute; clip: rect(1px, 1px, 1px, 1px);\" title=\"\u00ab\u00a0Caf\u00e9 du Fab n\u00b01\u00a0\u00bb &#8212; Co-Fab in Bondy\" src=\"http:\/\/cofab-in-bondy.fr\/?p=6070&#038;embed=true#?secret=i6SBu7mZau\" data-secret=\"i6SBu7mZau\" width=\"600\" height=\"338\" frameborder=\"0\" marginwidth=\"0\" marginheight=\"0\" scrolling=\"no\"><\/iframe>\n<\/div><\/figure>\n\n\n\n<figure class=\"wp-block-embed is-type-wp-embed is-provider-co-fab-in-bondy wp-block-embed-co-fab-in-bondy\"><div class=\"wp-block-embed__wrapper\">\n<blockquote class=\"wp-embedded-content\" data-secret=\"wOPVWLN6AY\"><a href=\"http:\/\/cofab-in-bondy.fr\/?p=5775\">Projet &#8220;QameleO in Bondy&#8221;<\/a><\/blockquote><iframe class=\"wp-embedded-content\" sandbox=\"allow-scripts\" security=\"restricted\" style=\"position: absolute; clip: rect(1px, 1px, 1px, 1px);\" title=\"\u00ab\u00a0Projet &#8220;QameleO in Bondy&#8221;\u00a0\u00bb &#8212; Co-Fab in Bondy\" src=\"http:\/\/cofab-in-bondy.fr\/?p=5775&#038;embed=true#?secret=wOPVWLN6AY\" data-secret=\"wOPVWLN6AY\" width=\"600\" height=\"338\" frameborder=\"0\" marginwidth=\"0\" marginheight=\"0\" scrolling=\"no\"><\/iframe>\n<\/div><\/figure>\n","protected":false},"excerpt":{"rendered":"<p>Retrouvez ici les dates et heures de tous nos projets et \u00e9v\u00e9nements pass\u00e9s, en cours ou \u00e0 venir !<\/p>\n","protected":false},"author":1,"featured_media":0,"parent":0,"menu_order":0,"comment_status":"closed","ping_status":"closed","template":"","meta":[],"yoast_head":"<!-- This site is optimized with the Yoast SEO plugin v16.0.2 - https:\/\/yoast.com\/wordpress\/plugins\/seo\/ -->\n<title>Agenda - Co-Fab in Bondy<\/title>\n<meta name=\"robots\" content=\"index, follow, max-snippet:-1, max-image-preview:large, max-video-preview:-1\" \/>\n<link rel=\"canonical\" href=\"https:\/\/cofab-in-bondy.fr\/?page_id=5155\" \/>\n<meta property=\"og:locale\" content=\"fr_FR\" \/>\n<meta property=\"og:type\" content=\"article\" \/>\n<meta property=\"og:title\" content=\"Agenda - Co-Fab in Bondy\" \/>\n<meta property=\"og:description\" content=\"Retrouvez ici les dates et heures de tous nos projets et \u00e9v\u00e9nements pass\u00e9s, en cours ou \u00e0 venir !\" \/>\n<meta property=\"og:url\" content=\"https:\/\/cofab-in-bondy.fr\/?page_id=5155\" \/>\n<meta property=\"og:site_name\" content=\"Co-Fab in Bondy\" \/>\n<meta property=\"article:modified_time\" content=\"2021-03-24T19:28:54+00:00\" \/>\n<meta name=\"twitter:card\" content=\"summary_large_image\" \/>\n<meta name=\"twitter:label1\" content=\"Dur\u00e9e de lecture est.\">\n\t<meta name=\"twitter:data1\" content=\"1 minute\">\n<script type=\"application\/ld+json\" class=\"yoast-schema-graph\">{\"@context\":\"https:\/\/schema.org\",\"@graph\":[{\"@type\":\"Organization\",\"@id\":\"https:\/\/cofab-in-bondy.fr\/#organization\",\"name\":\"cofab-in-bondy\",\"url\":\"https:\/\/cofab-in-bondy.fr\/\",\"sameAs\":[],\"logo\":{\"@type\":\"ImageObject\",\"@id\":\"https:\/\/cofab-in-bondy.fr\/#logo\",\"inLanguage\":\"fr-FR\",\"url\":\"https:\/\/cofab-in-bondy.fr\/wp-content\/uploads\/2021\/01\/co-Fab_short.png\",\"width\":90,\"height\":43,\"caption\":\"cofab-in-bondy\"},\"image\":{\"@id\":\"https:\/\/cofab-in-bondy.fr\/#logo\"}},{\"@type\":\"WebSite\",\"@id\":\"https:\/\/cofab-in-bondy.fr\/#website\",\"url\":\"https:\/\/cofab-in-bondy.fr\/\",\"name\":\"CoFab-in-Bondy\",\"description\":\"Le fablab made in Bondy !\",\"publisher\":{\"@id\":\"https:\/\/cofab-in-bondy.fr\/#organization\"},\"potentialAction\":[{\"@type\":\"SearchAction\",\"target\":\"https:\/\/cofab-in-bondy.fr\/?s={search_term_string}\",\"query-input\":\"required name=search_term_string\"}],\"inLanguage\":\"fr-FR\"},{\"@type\":\"WebPage\",\"@id\":\"https:\/\/cofab-in-bondy.fr\/?page_id=5155#webpage\",\"url\":\"https:\/\/cofab-in-bondy.fr\/?page_id=5155\",\"name\":\"Agenda - Co-Fab in Bondy\",\"isPartOf\":{\"@id\":\"https:\/\/cofab-in-bondy.fr\/#website\"},\"datePublished\":\"2021-02-03T10:32:24+00:00\",\"dateModified\":\"2021-03-24T19:28:54+00:00\",\"breadcrumb\":{\"@id\":\"https:\/\/cofab-in-bondy.fr\/?page_id=5155#breadcrumb\"},\"inLanguage\":\"fr-FR\",\"potentialAction\":[{\"@type\":\"ReadAction\",\"target\":[\"https:\/\/cofab-in-bondy.fr\/?page_id=5155\"]}]},{\"@type\":\"BreadcrumbList\",\"@id\":\"https:\/\/cofab-in-bondy.fr\/?page_id=5155#breadcrumb\",\"itemListElement\":[{\"@type\":\"ListItem\",\"position\":1,\"item\":{\"@type\":\"WebPage\",\"@id\":\"https:\/\/cofab-in-bondy.fr\/\",\"url\":\"https:\/\/cofab-in-bondy.fr\/\",\"name\":\"Accueil\"}},{\"@type\":\"ListItem\",\"position\":2,\"item\":{\"@type\":\"WebPage\",\"@id\":\"https:\/\/cofab-in-bondy.fr\/?page_id=5155\",\"url\":\"https:\/\/cofab-in-bondy.fr\/?page_id=5155\",\"name\":\"Agenda\"}}]}]}<\/script>\n<!-- \/ Yoast SEO plugin. -->","_links":{"self":[{"href":"https:\/\/cofab-in-bondy.fr\/index.php?rest_route=\/wp\/v2\/pages\/5155"}],"collection":[{"href":"https:\/\/cofab-in-bondy.fr\/index.php?rest_route=\/wp\/v2\/pages"}],"about":[{"href":"https:\/\/cofab-in-bondy.fr\/index.php?rest_route=\/wp\/v2\/types\/page"}],"author":[{"embeddable":true,"href":"https:\/\/cofab-in-bondy.fr\/index.php?rest_route=\/wp\/v2\/users\/1"}],"replies":[{"embeddable":true,"href":"https:\/\/cofab-in-bondy.fr\/index.php?rest_route=%2Fwp%2Fv2%2Fcomments&post=5155"}],"version-history":[{"count":7,"href":"https:\/\/cofab-in-bondy.fr\/index.php?rest_route=\/wp\/v2\/pages\/5155\/revisions"}],"predecessor-version":[{"id":6077,"href":"https:\/\/cofab-in-bondy.fr\/index.php?rest_route=\/wp\/v2\/pages\/5155\/revisions\/6077"}],"wp:attachment":[{"href":"https:\/\/cofab-in-bondy.fr\/index.php?rest_route=%2Fwp%2Fv2%2Fmedia&parent=5155"}],"curies":[{"name":"wp","href":"https:\/\/api.w.org\/{rel}","templated":true}]}}