{"id":4769,"date":"2021-02-04T19:19:29","date_gmt":"2021-02-04T18:19:29","guid":{"rendered":"https:\/\/cofab-in-bondy.fr\/?page_id=4769"},"modified":"2021-03-24T13:10:09","modified_gmt":"2021-03-24T12:10:09","slug":"inscription-a-la-formation","status":"publish","type":"page","link":"https:\/\/cofab-in-bondy.fr\/?page_id=4769","title":{"rendered":"Inscription \u00e0 une formation"},"content":{"rendered":"\n<p>Au Cofab in Bondy, nous vous proposons r\u00e9guli\u00e8rement des formations, en lien notamment avec l&rsquo;utilisation des technologies low cost (\u00e0 bas co\u00fbt), qui sont un peu notre Violon d&rsquo;Ingres au fablab.<\/p>\n\n\n\n<p>Vous trouverez dans l&rsquo;onglet \u00ab\u00a0Agenda\u00a0\u00bb les dates des formations \u00e0 venir !<\/p>\n\n\n\n<p>Ci-dessous, le formulaire d&rsquo;inscription pour la formation qui vous int\u00e9resse :<\/p>\n\n\n<div class=\"wpforms-container wpforms-container-full\" id=\"wpforms-4768\"><form id=\"wpforms-form-4768\" class=\"wpforms-validate wpforms-form\" data-formid=\"4768\" method=\"post\" enctype=\"multipart\/form-data\" action=\"\/index.php?rest_route=%2Fwp%2Fv2%2Fpages%2F4769\" data-token=\"c024915ca0e4b3b7216635ff0306bac2\"><noscript class=\"wpforms-error-noscript\">Veuillez activer JavaScript dans votre navigateur pour remplir ce formulaire.<\/noscript><div class=\"wpforms-field-container\"><div id=\"wpforms-4768-field_21-container\" class=\"wpforms-field wpforms-field-select wpforms-field-select-style-classic\" data-field-id=\"21\"><label class=\"wpforms-field-label\" for=\"wpforms-4768-field_21\">Votre formation <span class=\"wpforms-required-label\">*<\/span><\/label><select id=\"wpforms-4768-field_21\" class=\"wpforms-field-medium wpforms-field-required\" name=\"wpforms[fields][21]\" required=\"required\"><option value=\"Formation \u00e0 la d\u00e9coupe laser - d\u00e9butant\u00b7e\" >Formation \u00e0 la d\u00e9coupe laser - d\u00e9butant\u00b7e<\/option><option value=\"Formation \u00e0 la d\u00e9coupe laser - expert\u00b7e\" >Formation \u00e0 la d\u00e9coupe laser - expert\u00b7e<\/option><option value=\"Formation \u00e0 l&#039;impression 3D\" >Formation \u00e0 l&#039;impression 3D<\/option><option value=\"Formation &quot;Cr\u00e9er et administrer un site internet avec Wordpress&quot;\" >Formation &quot;Cr\u00e9er et administrer un site internet avec Wordpress&quot;<\/option><option value=\"Initiation \u00e0 la programmation sur Arduino\" >Initiation \u00e0 la programmation sur Arduino<\/option><option value=\"Autre formation\" >Autre formation<\/option><\/select><div class=\"wpforms-field-description\">Par quelle formation \u00eates-vous int\u00e9ress\u00e9.e ?<\/div><\/div><div id=\"wpforms-4768-field_2-container\" class=\"wpforms-field wpforms-field-name\" data-field-id=\"2\"><label class=\"wpforms-field-label\" for=\"wpforms-4768-field_2\">Votre nom <span class=\"wpforms-required-label\">*<\/span><\/label><div class=\"wpforms-field-row wpforms-field-medium\"><div class=\"wpforms-field-row-block wpforms-first wpforms-one-half\"><input type=\"text\" id=\"wpforms-4768-field_2\" class=\"wpforms-field-name-first wpforms-field-required\" name=\"wpforms[fields][2][first]\" required><label for=\"wpforms-4768-field_2\" class=\"wpforms-field-sublabel after \">Pr\u00e9nom<\/label><\/div><div class=\"wpforms-field-row-block wpforms-one-half\"><input type=\"text\" id=\"wpforms-4768-field_2-last\" class=\"wpforms-field-name-last wpforms-field-required\" name=\"wpforms[fields][2][last]\" required><label for=\"wpforms-4768-field_2-last\" class=\"wpforms-field-sublabel after \">Nom<\/label><\/div><\/div><\/div><div id=\"wpforms-4768-field_8-container\" class=\"wpforms-field wpforms-field-text\" data-field-id=\"8\"><label class=\"wpforms-field-label\" for=\"wpforms-4768-field_8\">Votre lieu de travail<\/label><input type=\"text\" id=\"wpforms-4768-field_8\" class=\"wpforms-field-medium\" name=\"wpforms[fields][8]\" ><div class=\"wpforms-field-description\">Dites-nous en quelques mots \u00e0 quel service\/unit\u00e9\/d\u00e9partement\/partenaire vous appartenez.<\/div><\/div><div id=\"wpforms-4768-field_9-container\" class=\"wpforms-field wpforms-field-email\" data-field-id=\"9\"><label class=\"wpforms-field-label\" for=\"wpforms-4768-field_9\">Votre E-mail <span class=\"wpforms-required-label\">*<\/span><\/label><input type=\"email\" id=\"wpforms-4768-field_9\" class=\"wpforms-field-medium wpforms-field-required\" name=\"wpforms[fields][9]\" required><\/div><div id=\"wpforms-4768-field_17-container\" class=\"wpforms-field wpforms-field-text\" data-field-id=\"17\"><label class=\"wpforms-field-label\" for=\"wpforms-4768-field_17\">Votre num\u00e9ro de t\u00e9l\u00e9phone<\/label><input type=\"text\" id=\"wpforms-4768-field_17\" class=\"wpforms-field-medium\" name=\"wpforms[fields][17]\" ><div class=\"wpforms-field-description\">Pour vous joindre en cas de besoin pour des infos urgentes sur la formation, ne vous inqui\u00e9tez pas on ne vous fera pas de blagues t\u00e9l\u00e9phoniques !<\/div><\/div><div id=\"wpforms-4768-field_18-container\" class=\"wpforms-field wpforms-field-textarea\" data-field-id=\"18\"><label class=\"wpforms-field-label\" for=\"wpforms-4768-field_18\">Votre motivation<\/label><textarea id=\"wpforms-4768-field_18\" class=\"wpforms-field-medium\" name=\"wpforms[fields][18]\" ><\/textarea><div class=\"wpforms-field-description\">Vous pouvez si vous le souhaitez exprimer en quelques mots vos motifs et int\u00e9r\u00eats pour participer \u00e0 cette formation.<\/div><\/div><\/div><div class=\"wpforms-submit-container\" ><input type=\"hidden\" name=\"wpforms[id]\" value=\"4768\"><input type=\"hidden\" name=\"wpforms[author]\" value=\"1\"><button type=\"submit\" name=\"wpforms[submit]\" class=\"wpforms-submit \" id=\"wpforms-submit-4768\" value=\"wpforms-submit\" aria-live=\"assertive\" data-alt-text=\"Envoi...\" data-submit-text=\"Transmettre\">Transmettre<\/button><\/div><\/form><\/div>  <!-- .wpforms-container -->","protected":false},"excerpt":{"rendered":"<p>Au Cofab in Bondy, nous vous proposons r\u00e9guli\u00e8rement des formations, en lien notamment avec l&rsquo;utilisation des technologies low cost (\u00e0 bas co\u00fbt), qui sont un peu notre Violon d&rsquo;Ingres au [&hellip;]<\/p>\n","protected":false},"author":1,"featured_media":0,"parent":0,"menu_order":0,"comment_status":"closed","ping_status":"closed","template":"","meta":[],"yoast_head":"<!-- This site is optimized with the Yoast SEO plugin v16.0.2 - https:\/\/yoast.com\/wordpress\/plugins\/seo\/ -->\n<title>Inscription \u00e0 une formation - Co-Fab in Bondy<\/title>\n<meta name=\"robots\" content=\"index, follow, max-snippet:-1, max-image-preview:large, max-video-preview:-1\" \/>\n<link rel=\"canonical\" href=\"http:\/\/cofab-in-bondy.fr\/?page_id=4769\" \/>\n<meta property=\"og:locale\" content=\"fr_FR\" \/>\n<meta property=\"og:type\" content=\"article\" \/>\n<meta property=\"og:title\" content=\"Inscription \u00e0 une formation - Co-Fab in Bondy\" \/>\n<meta property=\"og:description\" content=\"Au Cofab in Bondy, nous vous proposons r\u00e9guli\u00e8rement des formations, en lien notamment avec l&rsquo;utilisation des technologies low cost (\u00e0 bas co\u00fbt), qui sont un peu notre Violon d&rsquo;Ingres au [&hellip;]\" \/>\n<meta property=\"og:url\" content=\"http:\/\/cofab-in-bondy.fr\/?page_id=4769\" \/>\n<meta property=\"og:site_name\" content=\"Co-Fab in Bondy\" \/>\n<meta property=\"article:modified_time\" content=\"2021-03-24T12:10:09+00:00\" \/>\n<meta name=\"twitter:card\" content=\"summary_large_image\" \/>\n<meta name=\"twitter:label1\" content=\"Dur\u00e9e de lecture est.\">\n\t<meta name=\"twitter:data1\" content=\"1 minute\">\n<script type=\"application\/ld+json\" class=\"yoast-schema-graph\">{\"@context\":\"https:\/\/schema.org\",\"@graph\":[{\"@type\":\"Organization\",\"@id\":\"https:\/\/cofab-in-bondy.fr\/#organization\",\"name\":\"cofab-in-bondy\",\"url\":\"https:\/\/cofab-in-bondy.fr\/\",\"sameAs\":[],\"logo\":{\"@type\":\"ImageObject\",\"@id\":\"https:\/\/cofab-in-bondy.fr\/#logo\",\"inLanguage\":\"fr-FR\",\"url\":\"https:\/\/cofab-in-bondy.fr\/wp-content\/uploads\/2021\/01\/co-Fab_short.png\",\"width\":90,\"height\":43,\"caption\":\"cofab-in-bondy\"},\"image\":{\"@id\":\"https:\/\/cofab-in-bondy.fr\/#logo\"}},{\"@type\":\"WebSite\",\"@id\":\"https:\/\/cofab-in-bondy.fr\/#website\",\"url\":\"https:\/\/cofab-in-bondy.fr\/\",\"name\":\"CoFab-in-Bondy\",\"description\":\"Le fablab made in Bondy !\",\"publisher\":{\"@id\":\"https:\/\/cofab-in-bondy.fr\/#organization\"},\"potentialAction\":[{\"@type\":\"SearchAction\",\"target\":\"https:\/\/cofab-in-bondy.fr\/?s={search_term_string}\",\"query-input\":\"required name=search_term_string\"}],\"inLanguage\":\"fr-FR\"},{\"@type\":\"WebPage\",\"@id\":\"http:\/\/cofab-in-bondy.fr\/?page_id=4769#webpage\",\"url\":\"http:\/\/cofab-in-bondy.fr\/?page_id=4769\",\"name\":\"Inscription \\u00e0 une formation - Co-Fab in Bondy\",\"isPartOf\":{\"@id\":\"https:\/\/cofab-in-bondy.fr\/#website\"},\"datePublished\":\"2021-02-04T18:19:29+00:00\",\"dateModified\":\"2021-03-24T12:10:09+00:00\",\"breadcrumb\":{\"@id\":\"http:\/\/cofab-in-bondy.fr\/?page_id=4769#breadcrumb\"},\"inLanguage\":\"fr-FR\",\"potentialAction\":[{\"@type\":\"ReadAction\",\"target\":[\"http:\/\/cofab-in-bondy.fr\/?page_id=4769\"]}]},{\"@type\":\"BreadcrumbList\",\"@id\":\"http:\/\/cofab-in-bondy.fr\/?page_id=4769#breadcrumb\",\"itemListElement\":[{\"@type\":\"ListItem\",\"position\":1,\"item\":{\"@type\":\"WebPage\",\"@id\":\"https:\/\/cofab-in-bondy.fr\/\",\"url\":\"https:\/\/cofab-in-bondy.fr\/\",\"name\":\"Accueil\"}},{\"@type\":\"ListItem\",\"position\":2,\"item\":{\"@type\":\"WebPage\",\"@id\":\"http:\/\/cofab-in-bondy.fr\/?page_id=4769\",\"url\":\"http:\/\/cofab-in-bondy.fr\/?page_id=4769\",\"name\":\"Inscription \\u00e0 une formation\"}}]}]}<\/script>\n<!-- \/ Yoast SEO plugin. -->","_links":{"self":[{"href":"https:\/\/cofab-in-bondy.fr\/index.php?rest_route=\/wp\/v2\/pages\/4769"}],"collection":[{"href":"https:\/\/cofab-in-bondy.fr\/index.php?rest_route=\/wp\/v2\/pages"}],"about":[{"href":"https:\/\/cofab-in-bondy.fr\/index.php?rest_route=\/wp\/v2\/types\/page"}],"author":[{"embeddable":true,"href":"https:\/\/cofab-in-bondy.fr\/index.php?rest_route=\/wp\/v2\/users\/1"}],"replies":[{"embeddable":true,"href":"https:\/\/cofab-in-bondy.fr\/index.php?rest_route=%2Fwp%2Fv2%2Fcomments&post=4769"}],"version-history":[{"count":4,"href":"https:\/\/cofab-in-bondy.fr\/index.php?rest_route=\/wp\/v2\/pages\/4769\/revisions"}],"predecessor-version":[{"id":5929,"href":"https:\/\/cofab-in-bondy.fr\/index.php?rest_route=\/wp\/v2\/pages\/4769\/revisions\/5929"}],"wp:attachment":[{"href":"https:\/\/cofab-in-bondy.fr\/index.php?rest_route=%2Fwp%2Fv2%2Fmedia&parent=4769"}],"curies":[{"name":"wp","href":"https:\/\/api.w.org\/{rel}","templated":true}]}}